{"id":18729,"date":"2021-05-18T09:21:43","date_gmt":"2021-05-18T07:21:43","guid":{"rendered":"https:\/\/e-world.cloud\/countries-contact\/"},"modified":"2023-11-24T13:50:28","modified_gmt":"2023-11-24T12:50:28","slug":"paises-contacto","status":"publish","type":"page","link":"https:\/\/e-world.cloud\/es\/paises-contacto\/","title":{"rendered":"Pa\u00edses Contacto"},"content":{"rendered":"<div class=\"wpb-content-wrapper\">[vc_section][vc_row][vc_column][vc_empty_space height=\u00bb100px\u00bb mobile_height=\u00bb100px\u00bb tablet_height=\u00bb100px\u00bb][vc_empty_space height=\u00bb100px\u00bb mobile_height=\u00bb100px\u00bb tablet_height=\u00bb100px\u00bb][vc_column_text]\n<p class=\"h2\"><span style=\"color: #8b8888;\">Actualmente estamos trabajando en las p\u00e1ginas espec\u00edficas de cada pa\u00eds. Si necesita ayuda, p\u00f3ngase en contacto con nosotros.<\/span><\/p>\n[\/vc_column_text][\/vc_column][\/vc_row][\/vc_section][vc_row][vc_column][vc_row_inner][vc_column_inner width=\u00bb2\/3&#8243;][vc_empty_space height=\u00bb100px\u00bb mobile_height=\u00bb100px\u00bb tablet_height=\u00bb100px\u00bb]<script type=\"text\/javascript\">\n\/* <![CDATA[ *\/\nvar gform;gform||(document.addEventListener(\"gform_main_scripts_loaded\",function(){gform.scriptsLoaded=!0}),document.addEventListener(\"gform\/theme\/scripts_loaded\",function(){gform.themeScriptsLoaded=!0}),window.addEventListener(\"DOMContentLoaded\",function(){gform.domLoaded=!0}),gform={domLoaded:!1,scriptsLoaded:!1,themeScriptsLoaded:!1,isFormEditor:()=>\"function\"==typeof InitializeEditor,callIfLoaded:function(o){return!(!gform.domLoaded||!gform.scriptsLoaded||!gform.themeScriptsLoaded&&!gform.isFormEditor()||(gform.isFormEditor()&&console.warn(\"The use of gform.initializeOnLoaded() is deprecated in the form editor context and will be removed in Gravity Forms 3.1.\"),o(),0))},initializeOnLoaded:function(o){gform.callIfLoaded(o)||(document.addEventListener(\"gform_main_scripts_loaded\",()=>{gform.scriptsLoaded=!0,gform.callIfLoaded(o)}),document.addEventListener(\"gform\/theme\/scripts_loaded\",()=>{gform.themeScriptsLoaded=!0,gform.callIfLoaded(o)}),window.addEventListener(\"DOMContentLoaded\",()=>{gform.domLoaded=!0,gform.callIfLoaded(o)}))},hooks:{action:{},filter:{}},addAction:function(o,r,e,t){gform.addHook(\"action\",o,r,e,t)},addFilter:function(o,r,e,t){gform.addHook(\"filter\",o,r,e,t)},doAction:function(o){gform.doHook(\"action\",o,arguments)},applyFilters:function(o){return gform.doHook(\"filter\",o,arguments)},removeAction:function(o,r){gform.removeHook(\"action\",o,r)},removeFilter:function(o,r,e){gform.removeHook(\"filter\",o,r,e)},addHook:function(o,r,e,t,n){null==gform.hooks[o][r]&&(gform.hooks[o][r]=[]);var d=gform.hooks[o][r];null==n&&(n=r+\"_\"+d.length),gform.hooks[o][r].push({tag:n,callable:e,priority:t=null==t?10:t})},doHook:function(r,o,e){var t;if(e=Array.prototype.slice.call(e,1),null!=gform.hooks[r][o]&&((o=gform.hooks[r][o]).sort(function(o,r){return o.priority-r.priority}),o.forEach(function(o){\"function\"!=typeof(t=o.callable)&&(t=window[t]),\"action\"==r?t.apply(null,e):e[0]=t.apply(null,e)})),\"filter\"==r)return e[0]},removeHook:function(o,r,t,n){var e;null!=gform.hooks[o][r]&&(e=(e=gform.hooks[o][r]).filter(function(o,r,e){return!!(null!=n&&n!=o.tag||null!=t&&t!=o.priority)}),gform.hooks[o][r]=e)}});\n\/* ]]> *\/\n<\/script>\n\n                <div class='gf_browser_gecko gform_wrapper gform_legacy_markup_wrapper gform-theme--no-framework half_wrapper' data-form-theme='legacy' data-form-index='0' id='gform_wrapper_15' ><form method='post' enctype='multipart\/form-data'  id='gform_15' class='half' action='\/es\/wp-json\/wp\/v2\/pages\/18729' data-formid='15' novalidate>\n                        <div class='gform-body gform_body'><ul id='gform_fields_15' class='gform_fields top_label form_sublabel_below description_below validation_below'><li id=\"field_15_16\" class=\"gfield gfield--type-honeypot gform_validation_container field_sublabel_below gfield--has-description field_description_below field_validation_below gfield_visibility_visible gfield--honeypot\"  data-field-class=\"gfield--honeypot\" ><label class='gfield_label gform-field-label' for='input_15_16'>Email<\/label><div class='ginput_container'><input name='input_16' id='input_15_16' type='text' value='' autocomplete='new-password'\/><\/div><div class='gfield_description' id='gfield_description_15_16'>Este campo es un campo de validaci\u00f3n y debe quedar sin cambios.<\/div><\/li><li class=\"gfmc-column gfmc-column50 gfmc-row-1-column gfmc-row-1-col-1-of-2\"><ul class=\"flex-wrapper flex-wrapper-2\"><li id=\"field_15_12\" class=\"gfield gfield--type-select gfield_contains_required field_sublabel_below gfield--no-description field_description_below field_validation_below gfield_visibility_visible gfield--select\"  data-field-class=\"gfield--select\" ><label class='gfield_label gform-field-label' for='input_15_12'>Pa\u00edses<span class=\"gfield_required\"><span class=\"gfield_required gfield_required_asterisk\">*<\/span><\/span><\/label><div class='ginput_container ginput_container_select'><select name='input_12' id='input_15_12' class='medium gfield_select'    aria-required=\"true\" aria-invalid=\"false\" ><option value='' selected='selected' class='gf_placeholder'>Elegir pa\u00eds<\/option><option value='Argentina' >Argentina<\/option><option value='Brasil' >Brasil<\/option><option value='Chile' >Chile<\/option><option value='China' >China<\/option><option value='Colombia' >Colombia<\/option><option value='Checa' >Checa<\/option><option value='Dinamarca' >Dinamarca<\/option><option value='Finlandia' >Finlandia<\/option><option value='Alemania' >Alemania<\/option><option value='Grecia' >Grecia<\/option><option value='Hungr\u00eda' >Hungr\u00eda<\/option><option value='India' >India<\/option><option value='Italia' >Italia<\/option><option value='M\u00e9xico' >M\u00e9xico<\/option><option value='Noruega' >Noruega<\/option><option value='Polonia' >Polonia<\/option><option value='Portugal' >Portugal<\/option><option value='Espa\u00f1a' >Espa\u00f1a<\/option><option value='Suecia' >Suecia<\/option><option value='Turqu\u00eda' >Turqu\u00eda<\/option><option value='Reino Unido' >Reino Unido<\/option><option value='Vietnam' >Vietnam<\/option><\/select><\/div><\/li><\/ul><\/li><li class=\"gfmc-column gfmc-column50 gfmc-row-1-column gfmc-row-1-col-2-of-2\"><ul class=\"flex-wrapper flex-wrapper-2\"><\/ul><\/li><li id=\"field_15_3\" class=\"gfield gfield--type-text gfield_contains_required field_sublabel_below gfield--no-description field_description_below field_validation_below gfield_visibility_visible gfield--text\"  data-field-class=\"gfield--text\" ><label class='gfield_label gform-field-label' for='input_15_3'>Nombre<span class=\"gfield_required\"><span class=\"gfield_required gfield_required_asterisk\">*<\/span><\/span><\/label><div class='ginput_container ginput_container_text'><input name='input_3' id='input_15_3' type='text' value='' class='medium'    placeholder='Nombre' aria-required=\"true\" aria-invalid=\"false\"   \/><\/div><\/li><li id=\"field_15_1\" class=\"gfield gfield--type-text gfield_contains_required field_sublabel_below gfield--no-description field_description_below field_validation_below gfield_visibility_visible gfield--text\"  data-field-class=\"gfield--text\" ><label class='gfield_label gform-field-label' for='input_15_1'>Apellido<span class=\"gfield_required\"><span class=\"gfield_required gfield_required_asterisk\">*<\/span><\/span><\/label><div class='ginput_container ginput_container_text'><input name='input_1' id='input_15_1' type='text' value='' class='medium'    placeholder='Apellido' aria-required=\"true\" aria-invalid=\"false\"   \/><\/div><\/li><li id=\"field_15_4\" class=\"gfield gfield--type-text field_sublabel_below gfield--no-description field_description_below field_validation_below gfield_visibility_visible gfield--text\"  data-field-class=\"gfield--text\" ><label class='gfield_label gform-field-label' for='input_15_4'>Company<\/label><div class='ginput_container ginput_container_text'><input name='input_4' id='input_15_4' type='text' value='' class='medium'    placeholder='Empresa'  aria-invalid=\"false\"   \/><\/div><\/li><li id=\"field_15_7\" class=\"gfield gfield--type-text gfield_contains_required field_sublabel_below gfield--no-description field_description_below field_validation_below gfield_visibility_visible gfield--text\"  data-field-class=\"gfield--text\" ><label class='gfield_label gform-field-label' for='input_15_7'>Email<span class=\"gfield_required\"><span class=\"gfield_required gfield_required_asterisk\">*<\/span><\/span><\/label><div class='ginput_container ginput_container_text'><input name='input_7' id='input_15_7' type='text' value='' class='medium'    placeholder='Email' aria-required=\"true\" aria-invalid=\"false\"   \/><\/div><\/li><li id=\"field_15_5\" class=\"gfield gfield--type-text gfield_contains_required field_sublabel_below gfield--no-description field_description_below field_validation_below gfield_visibility_visible gfield--text\"  data-field-class=\"gfield--text\" ><label class='gfield_label gform-field-label' for='input_15_5'>Tel\u00e9fono<span class=\"gfield_required\"><span class=\"gfield_required gfield_required_asterisk\">*<\/span><\/span><\/label><div class='ginput_container ginput_container_text'><input name='input_5' id='input_15_5' type='text' value='' class='medium'    placeholder='Tel\u00e9fono' aria-required=\"true\" aria-invalid=\"false\"   \/><\/div><\/li><li id=\"field_15_8\" class=\"gfield gfield--type-textarea field_sublabel_below gfield--no-description field_description_below field_validation_below gfield_visibility_visible gfield--textarea\"  data-field-class=\"gfield--textarea\" ><label class='gfield_label gform-field-label' for='input_15_8'>Solicite<\/label><div class='ginput_container ginput_container_textarea'><textarea name='input_8' id='input_15_8' class='textarea medium'      aria-invalid=\"false\"   rows='10' cols='50'><\/textarea><\/div><\/li><li id=\"field_15_10\" class=\"gfield gfield--type-consent gfield--type-choice gfield_contains_required field_sublabel_below gfield--has-description field_description_below field_validation_below gfield_visibility_visible gfield--consent gfield--last\"  data-field-class=\"gfield--consent gfield--last\" ><label class='gfield_label gform-field-label gfield_label_before_complex' >Protecci\u00f3n de datos<span class=\"gfield_required\"><span class=\"gfield_required gfield_required_asterisk\">*<\/span><\/span><\/label><div class='ginput_container ginput_container_consent'><input name='input_10.1' id='input_15_10_1' type='checkbox' value='1'  aria-describedby=\"gfield_consent_description_15_10\" aria-required=\"true\" aria-invalid=\"false\"   \/> <label class=\"gform-field-label gform-field-label--type-inline gfield_consent_label\" for='input_15_10_1' >Acepto el tratamiento de mis datos en el \u00e1mbito de mi solicitud y he le\u00eddo y acepto la <a href=\"https:\/\/www.cbs-consulting.com\/en\/data-privacy\/\">pol\u00edtica de privacidad<\/a>.<\/label><input type='hidden' name='input_10.2' value='Acepto el tratamiento de mis datos en el \u00e1mbito de mi solicitud y he le\u00eddo y acepto la &lt;a href=&quot;https:\/\/www.cbs-consulting.com\/en\/data-privacy\/&quot;&gt;pol\u00edtica de privacidad&lt;\/a&gt;.' class='gform_hidden' \/><input type='hidden' name='input_10.3' value='16' class='gform_hidden' \/><\/div><div class='gfield_description gfield_consent_description' id='gfield_consent_description_15_10' tabindex='0'>Los campos marcados con * son obligatorios<\/div><\/li><li id=\"field_15_11\" class=\"gfield gfield--type-captcha field_sublabel_below gfield--no-description field_description_below field_validation_below gfield_visibility_visible gfield--captcha\"  data-field-class=\"gfield--captcha\" ><label class='gfield_label gform-field-label screen-reader-text' for='input_15_11'><\/label><div id='input_15_11' class='ginput_container ginput_recaptcha' data-sitekey='6Le_9SkqAAAAAHqNkwLchG9iBdXA8ekBOA1jcCgX'  data-theme='light' data-tabindex='0'  data-badge=''><\/div><\/li><\/ul><\/div>\n        <div class='gform-footer gform_footer top_label'> <input type='submit' id='gform_submit_button_15' class='gform_button button' onclick='gform.submission.handleButtonClick(this);' data-submission-type='submit' value='Send'  \/> \n            <input type='hidden' class='gform_hidden' name='gform_submission_method' data-js='gform_submission_method_15' value='postback' \/>\n            <input type='hidden' class='gform_hidden' name='gform_theme' data-js='gform_theme_15' id='gform_theme_15' value='legacy' \/>\n            <input type='hidden' class='gform_hidden' name='gform_style_settings' data-js='gform_style_settings_15' id='gform_style_settings_15' value='[]' \/>\n            <input type='hidden' class='gform_hidden' name='is_submit_15' value='1' \/>\n            <input type='hidden' class='gform_hidden' name='gform_submit' value='15' \/>\n            \n            <input type='hidden' class='gform_hidden' name='gform_unique_id' value='' \/>\n            <input type='hidden' class='gform_hidden' name='state_15' value='WyJ7XCIxMC4xXCI6XCIyYzBmNzgyYzQ1YmIxZjA4N2RiNTA2ZmRmNzExZTMxNFwiLFwiMTAuMlwiOlwiNDQzZjUxZTg4NDgxM2RiYjQ4MTM1MjU1ODhhNTdmMWVcIixcIjEwLjNcIjpcIjQ2OWRhMWUxYTQ4Y2ZlNjhmNzdiYzhjOWY0ZjA4MTdlXCJ9IiwiNDk5MmYwMzAzMTY4M2NjNGY3YjJlMTc2MDIyYTVmMzciXQ==' \/>\n            <input type='hidden' autocomplete='off' class='gform_hidden' name='gform_target_page_number_15' id='gform_target_page_number_15' value='0' \/>\n            <input type='hidden' autocomplete='off' class='gform_hidden' name='gform_source_page_number_15' id='gform_source_page_number_15' value='1' \/>\n            <input type='hidden' name='gform_field_values' value='' \/>\n            \n        <\/div>\n                        <\/form>\n                        <\/div><script type=\"text\/javascript\">\n\/* <![CDATA[ *\/\n gform.initializeOnLoaded( function() {gformInitSpinner( 15, 'https:\/\/e-world.cloud\/wp-content\/plugins\/gravityforms\/images\/spinner.svg', true );jQuery('#gform_ajax_frame_15').on('load',function(){var contents = jQuery(this).contents().find('*').html();var is_postback = contents.indexOf('GF_AJAX_POSTBACK') >= 0;if(!is_postback){return;}var form_content = jQuery(this).contents().find('#gform_wrapper_15');var is_confirmation = jQuery(this).contents().find('#gform_confirmation_wrapper_15').length > 0;var is_redirect = contents.indexOf('gformRedirect(){') >= 0;var is_form = form_content.length > 0 && ! is_redirect && ! is_confirmation;var mt = parseInt(jQuery('html').css('margin-top'), 10) + parseInt(jQuery('body').css('margin-top'), 10) + 100;if(is_form){jQuery('#gform_wrapper_15').html(form_content.html());if(form_content.hasClass('gform_validation_error')){jQuery('#gform_wrapper_15').addClass('gform_validation_error');} else {jQuery('#gform_wrapper_15').removeClass('gform_validation_error');}setTimeout( function() { \/* delay the scroll by 50 milliseconds to fix a bug in chrome *\/  }, 50 );if(window['gformInitDatepicker']) {gformInitDatepicker();}if(window['gformInitPriceFields']) {gformInitPriceFields();}var current_page = jQuery('#gform_source_page_number_15').val();gformInitSpinner( 15, 'https:\/\/e-world.cloud\/wp-content\/plugins\/gravityforms\/images\/spinner.svg', true );jQuery(document).trigger('gform_page_loaded', [15, current_page]);window['gf_submitting_15'] = false;}else if(!is_redirect){var confirmation_content = jQuery(this).contents().find('.GF_AJAX_POSTBACK').html();if(!confirmation_content){confirmation_content = contents;}jQuery('#gform_wrapper_15').replaceWith(confirmation_content);jQuery(document).trigger('gform_confirmation_loaded', [15]);window['gf_submitting_15'] = false;wp.a11y.speak(jQuery('#gform_confirmation_message_15').text());}else{jQuery('#gform_15').append(contents);if(window['gformRedirect']) {gformRedirect();}}jQuery(document).trigger(\"gform_pre_post_render\", [{ formId: \"15\", currentPage: \"current_page\", abort: function() { this.preventDefault(); } }]);        if (event && event.defaultPrevented) {                return;        }        const gformWrapperDiv = document.getElementById( \"gform_wrapper_15\" );        if ( gformWrapperDiv ) {            const visibilitySpan = document.createElement( \"span\" );            visibilitySpan.id = \"gform_visibility_test_15\";            gformWrapperDiv.insertAdjacentElement( \"afterend\", visibilitySpan );        }        const visibilityTestDiv = document.getElementById( \"gform_visibility_test_15\" );        let postRenderFired = false;        function triggerPostRender() {            if ( postRenderFired ) {                return;            }            postRenderFired = true;            gform.core.triggerPostRenderEvents( 15, current_page );            if ( visibilityTestDiv ) {                visibilityTestDiv.parentNode.removeChild( visibilityTestDiv );            }        }        function debounce( func, wait, immediate ) {            var timeout;            return function() {                var context = this, args = arguments;                var later = function() {                    timeout = null;                    if ( !immediate ) func.apply( context, args );                };                var callNow = immediate && !timeout;                clearTimeout( timeout );                timeout = setTimeout( later, wait );                if ( callNow ) func.apply( context, args );            };        }        const debouncedTriggerPostRender = debounce( function() {            triggerPostRender();        }, 200 );        if ( visibilityTestDiv && visibilityTestDiv.offsetParent === null ) {            const observer = new MutationObserver( ( mutations ) => {                mutations.forEach( ( mutation ) => {                    if ( mutation.type === 'attributes' && visibilityTestDiv.offsetParent !== null ) {                        debouncedTriggerPostRender();                        observer.disconnect();                    }                });            });            observer.observe( document.body, {                attributes: true,                childList: false,                subtree: true,                attributeFilter: [ 'style', 'class' ],            });        } else {            triggerPostRender();        }    } );} ); \n\/* ]]> *\/\n<\/script>\n[\/vc_column_inner][vc_column_inner width=\u00bb1\/3&#8243;][\/vc_column_inner][\/vc_row_inner][vc_empty_space height=\u00bb100px\u00bb mobile_height=\u00bb100px\u00bb tablet_height=\u00bb100px\u00bb][\/vc_column][\/vc_row]\n<\/div>","protected":false},"excerpt":{"rendered":"<p>[vc_section][vc_row][vc_column][vc_empty_space height=\u00bb100px\u00bb mobile_height=\u00bb100px\u00bb tablet_height=\u00bb100px\u00bb][vc_empty_space height=\u00bb100px\u00bb mobile_height=\u00bb100px\u00bb tablet_height=\u00bb100px\u00bb][vc_column_text] Actualmente estamos trabajando en las p\u00e1ginas espec\u00edficas de cada pa\u00eds. Si necesita ayuda, p\u00f3ngase en contacto con nosotros. [\/vc_column_text][\/vc_column][\/vc_row][\/vc_section][vc_row][vc_column][vc_row_inner][vc_column_inner width=\u00bb2\/3&#8243;][vc_empty_space height=\u00bb100px\u00bb mobile_height=\u00bb100px\u00bb tablet_height=\u00bb100px\u00bb][\/vc_column_inner][vc_column_inner width=\u00bb1\/3&#8243;][\/vc_column_inner][\/vc_row_inner][vc_empty_space height=\u00bb100px\u00bb mobile_height=\u00bb100px\u00bb tablet_height=\u00bb100px\u00bb][\/vc_column][\/vc_row]<\/p>\n","protected":false},"author":26,"featured_media":0,"parent":0,"menu_order":4,"comment_status":"closed","ping_status":"closed","template":"","meta":{"_acf_changed":false,"footnotes":""},"class_list":["post-18729","page","type-page","status-publish","hentry"],"acf":[],"_links":{"self":[{"href":"https:\/\/e-world.cloud\/es\/wp-json\/wp\/v2\/pages\/18729","targetHints":{"allow":["GET"]}}],"collection":[{"href":"https:\/\/e-world.cloud\/es\/wp-json\/wp\/v2\/pages"}],"about":[{"href":"https:\/\/e-world.cloud\/es\/wp-json\/wp\/v2\/types\/page"}],"author":[{"embeddable":true,"href":"https:\/\/e-world.cloud\/es\/wp-json\/wp\/v2\/users\/26"}],"replies":[{"embeddable":true,"href":"https:\/\/e-world.cloud\/es\/wp-json\/wp\/v2\/comments?post=18729"}],"version-history":[{"count":2,"href":"https:\/\/e-world.cloud\/es\/wp-json\/wp\/v2\/pages\/18729\/revisions"}],"predecessor-version":[{"id":18741,"href":"https:\/\/e-world.cloud\/es\/wp-json\/wp\/v2\/pages\/18729\/revisions\/18741"}],"wp:attachment":[{"href":"https:\/\/e-world.cloud\/es\/wp-json\/wp\/v2\/media?parent=18729"}],"curies":[{"name":"wp","href":"https:\/\/api.w.org\/{rel}","templated":true}]}}