{"id":18722,"date":"2021-05-10T13:31:54","date_gmt":"2021-05-10T11:31:54","guid":{"rendered":"https:\/\/e-world.cloud\/countries\/"},"modified":"2023-11-24T14:14:28","modified_gmt":"2023-11-24T13:14:28","slug":"paises","status":"publish","type":"page","link":"https:\/\/e-world.cloud\/es\/paises\/","title":{"rendered":"Pa\u00edses cubiertos"},"content":{"rendered":"<div class=\"wpb-content-wrapper\">[vc_section full_width=\u00bbstretch_row\u00bb][vc_row][vc_column][dhsv_vc_animation_header]\n<h2 class=\"h1\">Pa\u00edses cubiertos<\/h2>\n<h2><span style=\"color: #8b8888;\">Visi\u00f3n global de la facturaci\u00f3n electr\u00f3nica internacional<\/span><\/h2>\n[\/dhsv_vc_animation_header][\/vc_column][\/vc_row][\/vc_section][vc_row][vc_column][dhsv_vc_template_element template_id=\u00bb14454&#8243;][\/vc_column][\/vc_row][vc_section hide_border=\u00bbtrue\u00bb][vc_row][vc_column][vc_empty_space height=\u00bb100&#8243; mobile_height=\u00bb50&#8243; tablet_height=\u00bb75&#8243;][\/vc_column][\/vc_row][\/vc_section][vc_section hide_border=\u00bbtrue\u00bb][vc_row][vc_column][dhsv_vc_template_element template_id=\u00bb4399&#8243;][\/vc_column][\/vc_row][\/vc_section][vc_section hide_border=\u00bbtrue\u00bb][vc_row][vc_column][vc_empty_space height=\u00bb100&#8243; mobile_height=\u00bb50&#8243; tablet_height=\u00bb75&#8243;][\/vc_column][\/vc_row][\/vc_section]\n<\/div>","protected":false},"excerpt":{"rendered":"<p>[vc_section full_width=\u00bbstretch_row\u00bb][vc_row][vc_column][dhsv_vc_animation_header] Pa\u00edses cubiertos Visi\u00f3n global de la facturaci\u00f3n electr\u00f3nica internacional [\/dhsv_vc_animation_header][\/vc_column][\/vc_row][\/vc_section][vc_row][vc_column][dhsv_vc_template_element template_id=\u00bb14454&#8243;][\/vc_column][\/vc_row][vc_section hide_border=\u00bbtrue\u00bb][vc_row][vc_column][vc_empty_space height=\u00bb100&#8243; mobile_height=\u00bb50&#8243; tablet_height=\u00bb75&#8243;][\/vc_column][\/vc_row][\/vc_section][vc_section hide_border=\u00bbtrue\u00bb][vc_row][vc_column][dhsv_vc_template_element template_id=\u00bb4399&#8243;][\/vc_column][\/vc_row][\/vc_section][vc_section hide_border=\u00bbtrue\u00bb][vc_row][vc_column][vc_empty_space height=\u00bb100&#8243; mobile_height=\u00bb50&#8243; tablet_height=\u00bb75&#8243;][\/vc_column][\/vc_row][\/vc_section]<\/p>\n","protected":false},"author":29,"featured_media":0,"parent":0,"menu_order":3,"comment_status":"closed","ping_status":"closed","template":"","meta":{"_acf_changed":false,"footnotes":""},"class_list":["post-18722","page","type-page","status-publish","hentry"],"acf":[],"_links":{"self":[{"href":"https:\/\/e-world.cloud\/es\/wp-json\/wp\/v2\/pages\/18722","targetHints":{"allow":["GET"]}}],"collection":[{"href":"https:\/\/e-world.cloud\/es\/wp-json\/wp\/v2\/pages"}],"about":[{"href":"https:\/\/e-world.cloud\/es\/wp-json\/wp\/v2\/types\/page"}],"author":[{"embeddable":true,"href":"https:\/\/e-world.cloud\/es\/wp-json\/wp\/v2\/users\/29"}],"replies":[{"embeddable":true,"href":"https:\/\/e-world.cloud\/es\/wp-json\/wp\/v2\/comments?post=18722"}],"version-history":[{"count":2,"href":"https:\/\/e-world.cloud\/es\/wp-json\/wp\/v2\/pages\/18722\/revisions"}],"predecessor-version":[{"id":18740,"href":"https:\/\/e-world.cloud\/es\/wp-json\/wp\/v2\/pages\/18722\/revisions\/18740"}],"wp:attachment":[{"href":"https:\/\/e-world.cloud\/es\/wp-json\/wp\/v2\/media?parent=18722"}],"curies":[{"name":"wp","href":"https:\/\/api.w.org\/{rel}","templated":true}]}}