{"id":18700,"date":"2021-05-06T10:13:32","date_gmt":"2021-05-06T08:13:32","guid":{"rendered":"https:\/\/e-world.cloud\/about-us\/"},"modified":"2023-11-24T14:15:39","modified_gmt":"2023-11-24T13:15:39","slug":"sobre-nosotros","status":"publish","type":"page","link":"https:\/\/e-world.cloud\/es\/sobre-nosotros\/","title":{"rendered":"Sobre nosotros"},"content":{"rendered":"<div class=\"wpb-content-wrapper\">[vc_section full_width=\u00bbstretch_row\u00bb][vc_row][vc_column][dhsv_vc_animation_header]\n<h2 class=\"h1\">Qui\u00e9nes somos<\/h2>\n<h2><span style=\"color: #8b8888;\">Gesti\u00f3n del cumplimiento global<\/span><\/h2>\n[\/dhsv_vc_animation_header][\/vc_column][\/vc_row][\/vc_section][vc_section full_width=\u00bbstretch_row\u00bb][vc_row][vc_column][vc_empty_space height=\u00bb50px\u00bb mobile_height=\u00bb30px\u00bb tablet_height=\u00bb30px\u00bb][vc_row_inner][vc_column_inner width=\u00bb5\/6&#8243;][vc_column_text]\n<h2><span style=\"color: #1f1918;\">Una soluci\u00f3n integral para cubrir todos los escenarios del E-Invoicing<\/span><\/h2>\n<p>El E-Invoicing de cbs aborda los principales retos, desde la frecuencia o la importancia de los cambios legales, la complejidad o la compatibilidad de los requisitos legales, hasta el coste y los recursos para el impacto en los sistemas y procesos. Esta soluci\u00f3n garantiza el flujo de datos end-to-end para bienes o servicios entre proveedores, compradores y autoridades gubernamentales. La supervisi\u00f3n y el an\u00e1lisis de los cambios legales y una plataforma fiable permiten ejecutar escenarios conformes y el E-Invoicing \/ E-Reporting exigidos por la ley, siempre actualizados y con el m\u00ednimo esfuerzo organizativo.[\/vc_column_text][\/vc_column_inner][vc_column_inner width=\u00bb1\/6&#8243;][\/vc_column_inner][\/vc_row_inner][vc_empty_space height=\u00bb50px\u00bb mobile_height=\u00bb30px\u00bb tablet_height=\u00bb30px\u00bb][\/vc_column][\/vc_row][\/vc_section][vc_row][vc_column][vc_empty_space height=\u00bb100px\u00bb][dhsv_vc_count_icon title=\u00bbEn 2022&#8243; items=\u00bb%5B%7B%22label%22%3A%22Mensajes%20procesados%22%2C%22number%22%3A%227628000%22%2C%22icon%22%3A%228473%22%7D%2C%7B%22label%22%3A%22Pa%C3%ADses%20%20incluidos%22%2C%22number%22%3A%2223%22%2C%22icon%22%3A%222962%22%7D%2C%7B%22label%22%3A%22Entidades%20de%20clientes%22%2C%22number%22%3A%22450%22%2C%22icon%22%3A%228471%22%7D%5D\u00bb][vc_empty_space height=\u00bb100px\u00bb][\/vc_column][\/vc_row][vc_section full_width=\u00bbstretch_row\u00bb background=\u00bblightgray-75&#8243;][vc_row][vc_column][vc_empty_space height=\u00bb100&#8243; mobile_height=\u00bb50&#8243; tablet_height=\u00bb75&#8243;][dhsv_vc_quote avatar=\u00bb1670&#8243; author=\u00bbOliver Villwock\u00bb title=\u00bbConsulting Director\u00bb show_decorations=\u00bbtrue\u00bb]Hemos recorrido un largo camino desde los formatos y canales de comunicaci\u00f3n pasados; ahora se trata de la integraci\u00f3n end-to-end de los requisitos legales en los procesos digitales.[\/dhsv_vc_quote][vc_empty_space height=\u00bb100&#8243; mobile_height=\u00bb50&#8243; tablet_height=\u00bb75&#8243;][\/vc_column][\/vc_row][\/vc_section][vc_section full_width=\u00bbstretch_row\u00bb hide_border=\u00bbtrue\u00bb][vc_row][vc_column][vc_empty_space height=\u00bb50px\u00bb mobile_height=\u00bb30px\u00bb tablet_height=\u00bb30px\u00bb][vc_row_inner][vc_column_inner width=\u00bb5\/6&#8243;][vc_column_text]\n<h2><span style=\"color: #1f1918;\">Formamos parte de cbs<\/span><\/h2>\n<p>E-Invoice World Cloud forma parte de cbs Corporate Business Solutions, la consultora internacional de transformaci\u00f3n digital y soluciones integrales para empresas. Los consultores dise\u00f1an, optimizan y gestionan procesos empresariales digitales, de principio a fin y a nivel mundial. Para llevar a cabo la transformaci\u00f3n empresarial para clientes industriales globales, cbs combina la experiencia en consultor\u00eda espec\u00edfica del sector con soluciones de transformaci\u00f3n impulsadas por software, para una r\u00e1pida valorizaci\u00f3n en la transici\u00f3n hacia la empresa digital.[\/vc_column_text][\/vc_column_inner][vc_column_inner width=\u00bb1\/6&#8243;][\/vc_column_inner][\/vc_row_inner][dhsv_vc_button title=\u00bbVisitar cbs\u00bb link=\u00bburl:https%3A%2F%2Fwww.cbs-consulting.com%2F\u00bb arrowbutton=\u00bbshowarrowbutton\u00bb alignment=\u00bbleft\u00bb][vc_empty_space height=\u00bb50px\u00bb mobile_height=\u00bb30px\u00bb tablet_height=\u00bb30px\u00bb][\/vc_column][\/vc_row][\/vc_section][vc_section hide_border=\u00bbtrue\u00bb][vc_row][vc_column][vc_empty_space height=\u00bb100&#8243; mobile_height=\u00bb50&#8243; tablet_height=\u00bb75&#8243;][vc_row_inner el_id=\u00bbcontact\u00bb][vc_column_inner][vc_column_text]\n<p class=\"h2\"><span style=\"color: #f07d00;\">Contact our Advisors<\/span><\/p>\n[\/vc_column_text][vc_empty_space height=\u00bb50px\u00bb mobile_height=\u00bb30px\u00bb tablet_height=\u00bb30px\u00bb][\/vc_column_inner][\/vc_row_inner][vc_row_inner][vc_column_inner width=\u00bb1\/2&#8243;][vc_column_text]D-A-CH<\/p>\n<p>EMEA<\/p>\n<p>LATAM[\/vc_column_text][\/vc_column_inner][vc_column_inner width=\u00bb1\/2&#8243;][dhsv_vc_contact_person contact_person=\u00bb3345&#8243;][dhsv_vc_contact_person contact_person=\u00bb14337&#8243;][\/vc_column_inner][\/vc_row_inner][vc_empty_space height=\u00bb100&#8243; mobile_height=\u00bb50&#8243; tablet_height=\u00bb75&#8243;][vc_row_inner][vc_column_inner width=\u00bb1\/2&#8243;][vc_column_text]APAC[\/vc_column_text][\/vc_column_inner][vc_column_inner width=\u00bb1\/2&#8243;][dhsv_vc_contact_person contact_person=\u00bb14619&#8243;][\/vc_column_inner][\/vc_row_inner][vc_empty_space height=\u00bb100&#8243; mobile_height=\u00bb50&#8243; tablet_height=\u00bb75&#8243;][vc_row_inner][vc_column_inner width=\u00bb1\/2&#8243;][vc_column_text]Nordics[\/vc_column_text][\/vc_column_inner][vc_column_inner width=\u00bb1\/2&#8243;][dhsv_vc_contact_person contact_person=\u00bb12968&#8243;][\/vc_column_inner][\/vc_row_inner][vc_empty_space height=\u00bb100&#8243; mobile_height=\u00bb50&#8243; tablet_height=\u00bb75&#8243;][vc_row_inner][vc_column_inner width=\u00bb1\/2&#8243;][vc_column_text]USA[\/vc_column_text][\/vc_column_inner][vc_column_inner width=\u00bb1\/2&#8243;][dhsv_vc_contact_person contact_person=\u00bb18657&#8243;][\/vc_column_inner][\/vc_row_inner][vc_empty_space height=\u00bb100&#8243; mobile_height=\u00bb50&#8243; tablet_height=\u00bb75&#8243;][\/vc_column][\/vc_row][\/vc_section]\n<\/div>","protected":false},"excerpt":{"rendered":"<p>[vc_section full_width=\u00bbstretch_row\u00bb][vc_row][vc_column][dhsv_vc_animation_header] Qui\u00e9nes somos Gesti\u00f3n del cumplimiento global [\/dhsv_vc_animation_header][\/vc_column][\/vc_row][\/vc_section][vc_section full_width=\u00bbstretch_row\u00bb][vc_row][vc_column][vc_empty_space height=\u00bb50px\u00bb mobile_height=\u00bb30px\u00bb tablet_height=\u00bb30px\u00bb][vc_row_inner][vc_column_inner width=\u00bb5\/6&#8243;][vc_column_text] Una soluci\u00f3n integral para cubrir todos los escenarios del E-Invoicing El E-Invoicing de cbs aborda los principales retos, desde la frecuencia o la importancia de los cambios legales, la complejidad o la compatibilidad de los requisitos legales, hasta el coste y &hellip; <a href=\"https:\/\/e-world.cloud\/es\/sobre-nosotros\/\">Continued<\/a><\/p>\n","protected":false},"author":29,"featured_media":0,"parent":0,"menu_order":6,"comment_status":"closed","ping_status":"closed","template":"","meta":{"_acf_changed":false,"footnotes":""},"class_list":["post-18700","page","type-page","status-publish","hentry"],"acf":[],"_links":{"self":[{"href":"https:\/\/e-world.cloud\/es\/wp-json\/wp\/v2\/pages\/18700","targetHints":{"allow":["GET"]}}],"collection":[{"href":"https:\/\/e-world.cloud\/es\/wp-json\/wp\/v2\/pages"}],"about":[{"href":"https:\/\/e-world.cloud\/es\/wp-json\/wp\/v2\/types\/page"}],"author":[{"embeddable":true,"href":"https:\/\/e-world.cloud\/es\/wp-json\/wp\/v2\/users\/29"}],"replies":[{"embeddable":true,"href":"https:\/\/e-world.cloud\/es\/wp-json\/wp\/v2\/comments?post=18700"}],"version-history":[{"count":3,"href":"https:\/\/e-world.cloud\/es\/wp-json\/wp\/v2\/pages\/18700\/revisions"}],"predecessor-version":[{"id":18743,"href":"https:\/\/e-world.cloud\/es\/wp-json\/wp\/v2\/pages\/18700\/revisions\/18743"}],"wp:attachment":[{"href":"https:\/\/e-world.cloud\/es\/wp-json\/wp\/v2\/media?parent=18700"}],"curies":[{"name":"wp","href":"https:\/\/api.w.org\/{rel}","templated":true}]}}