{"id":18697,"date":"2021-03-29T15:57:01","date_gmt":"2021-03-29T13:57:01","guid":{"rendered":"https:\/\/e-world.cloud\/sap-document-compliance\/"},"modified":"2023-12-05T16:24:51","modified_gmt":"2023-12-05T15:24:51","slug":"cumplimiento-sap","status":"publish","type":"page","link":"https:\/\/e-world.cloud\/es\/cumplimiento-sap\/","title":{"rendered":"Cumplimiento de documentos e informes SAP"},"content":{"rendered":"<div class=\"wpb-content-wrapper\">[vc_section full_width=\u00bbstretch_row\u00bb][vc_row][vc_column][dhsv_vc_animation_header]\n<h1>Cumplimiento de documentos e informes SAP<\/h1>\n<h2><span style=\"color: #8b8888;\">Prestaci\u00f3n de servicios de contenido, soporte, implementaci\u00f3n y consultor\u00eda<\/span><\/h2>\n[\/dhsv_vc_animation_header][vc_empty_space height=\u00bb50px\u00bb mobile_height=\u00bb30px\u00bb tablet_height=\u00bb30px\u00bb][vc_column_text]\n<div class=\"invoice-quote\">\n<p>\u00bfQuieres gestionar la facturaci\u00f3n electr\u00f3nica in situ o S\/4 cloud? Estamos aqu\u00ed para ayudarte.<\/p>\n<\/div>\n[\/vc_column_text][vc_empty_space height=\u00bb50px\u00bb mobile_height=\u00bb30px\u00bb tablet_height=\u00bb30px\u00bb][vc_column_text]\n<h2 class=\"h1\"><span style=\"color: #1f1918;\">Soluci\u00f3n estrat\u00e9gica<\/span><\/h2>\n<p>SAP Document Compliance (DCS) es la soluci\u00f3n estrat\u00e9gica de SAP para el intercambio electr\u00f3nico de datos legalmente requerido con las autoridades fiscales y terceros. Cubre los escenarios de E-Invoicing, E-Delivery y E-Reporting (en tiempo real).[\/vc_column_text][vc_empty_space height=\u00bb50px\u00bb mobile_height=\u00bb30px\u00bb tablet_height=\u00bb30px\u00bb][vc_single_image image=\u00bb18785&#8243; img_size=\u00bblarge\u00bb alignment=\u00bbcenter\u00bb][vc_empty_space height=\u00bb100&#8243; mobile_height=\u00bb50&#8243; tablet_height=\u00bb75&#8243;][\/vc_column][\/vc_row][\/vc_section][vc_section full_width=\u00bbstretch_row\u00bb background=\u00bbblack\u00bb][vc_row][vc_column][vc_empty_space height=\u00bb75&#8243; mobile_height=\u00bb25&#8243; tablet_height=\u00bb40&#8243;][\/vc_column][\/vc_row][vc_row equal_height=\u00bbyes\u00bb][vc_column bottom_margin=\u00bbtrue\u00bb offset=\u00bbvc_col-md-6&#8243;][dhsv_vc_invoice_teaser show_decor=\u00bbyes\u00bb]\n<h2><span style=\"color: #1f1918;\">Caracter\u00edsticas principales<\/span><\/h2>\n<ul>\n<li>Platform- &amp; Content-as-a Service<\/li>\n<li>Interacci\u00f3n de eDocument Framework, Application<\/li>\n<li>eDocument Framework, Application Interface Framework y SAP Cloud Platform<\/li>\n<li>Integraci\u00f3n est\u00e1ndar completa en los procesos empresariales de SAP<\/li>\n<li>Contenido est\u00e1ndar para muchos pa\u00edses<\/li>\n<li>Extensibilidad personalizada para pa\u00edses y escenarios no soportados<\/li>\n<\/ul>\n[\/dhsv_vc_invoice_teaser][\/vc_column][vc_column bottom_margin=\u00bbtrue\u00bb offset=\u00bbvc_col-md-6&#8243;][dhsv_vc_invoice_teaser]\n<div class=\"invoice-quote\">\n<p>cbs apoya a clientes de todo el mundo en asociaciones estrat\u00e9gicas con SAP Document Compliance. Aprovecha nuestro profundo y probado conocimiento adquirido en m\u00e1s de 50 implantaciones.<\/p>\n<\/div>\n[\/dhsv_vc_invoice_teaser][\/vc_column][\/vc_row][vc_row][vc_column][vc_empty_space height=\u00bb150px\u00bb mobile_height=\u00bb25&#8243; tablet_height=\u00bb40&#8243;][\/vc_column][\/vc_row][\/vc_section][vc_section hide_border=\u00bbtrue\u00bb][vc_row][vc_column][vc_empty_space height=\u00bb100&#8243; mobile_height=\u00bb50&#8243; tablet_height=\u00bb75&#8243;][\/vc_column][\/vc_row][\/vc_section][vc_section hide_border=\u00bbtrue\u00bb][vc_row][vc_column][dhsv_vc_template_element template_id=\u00bb4399&#8243;][\/vc_column][\/vc_row][\/vc_section]\n<\/div>","protected":false},"excerpt":{"rendered":"<p>[vc_section full_width=\u00bbstretch_row\u00bb][vc_row][vc_column][dhsv_vc_animation_header] Cumplimiento de documentos e informes SAP Prestaci\u00f3n de servicios de contenido, soporte, implementaci\u00f3n y consultor\u00eda [\/dhsv_vc_animation_header][vc_empty_space height=\u00bb50px\u00bb mobile_height=\u00bb30px\u00bb tablet_height=\u00bb30px\u00bb][vc_column_text] \u00bfQuieres gestionar la facturaci\u00f3n electr\u00f3nica in situ o S\/4 cloud? Estamos aqu\u00ed para ayudarte. [\/vc_column_text][vc_empty_space height=\u00bb50px\u00bb mobile_height=\u00bb30px\u00bb tablet_height=\u00bb30px\u00bb][vc_column_text] Soluci\u00f3n estrat\u00e9gica SAP Document Compliance (DCS) es la soluci\u00f3n estrat\u00e9gica de SAP para el intercambio electr\u00f3nico &hellip; <a href=\"https:\/\/e-world.cloud\/es\/cumplimiento-sap\/\">Continued<\/a><\/p>\n","protected":false},"author":26,"featured_media":0,"parent":0,"menu_order":5,"comment_status":"closed","ping_status":"closed","template":"","meta":{"_acf_changed":false,"footnotes":""},"class_list":["post-18697","page","type-page","status-publish","hentry"],"acf":[],"_links":{"self":[{"href":"https:\/\/e-world.cloud\/es\/wp-json\/wp\/v2\/pages\/18697","targetHints":{"allow":["GET"]}}],"collection":[{"href":"https:\/\/e-world.cloud\/es\/wp-json\/wp\/v2\/pages"}],"about":[{"href":"https:\/\/e-world.cloud\/es\/wp-json\/wp\/v2\/types\/page"}],"author":[{"embeddable":true,"href":"https:\/\/e-world.cloud\/es\/wp-json\/wp\/v2\/users\/26"}],"replies":[{"embeddable":true,"href":"https:\/\/e-world.cloud\/es\/wp-json\/wp\/v2\/comments?post=18697"}],"version-history":[{"count":3,"href":"https:\/\/e-world.cloud\/es\/wp-json\/wp\/v2\/pages\/18697\/revisions"}],"predecessor-version":[{"id":18788,"href":"https:\/\/e-world.cloud\/es\/wp-json\/wp\/v2\/pages\/18697\/revisions\/18788"}],"wp:attachment":[{"href":"https:\/\/e-world.cloud\/es\/wp-json\/wp\/v2\/media?parent=18697"}],"curies":[{"name":"wp","href":"https:\/\/api.w.org\/{rel}","templated":true}]}}