{"id":18693,"date":"2021-03-29T14:44:14","date_gmt":"2021-03-29T12:44:14","guid":{"rendered":"https:\/\/e-world.cloud\/compliance-advisory\/"},"modified":"2023-11-24T13:45:57","modified_gmt":"2023-11-24T12:45:57","slug":"asesoramiento-cumplimiento","status":"publish","type":"page","link":"https:\/\/e-world.cloud\/es\/asesoramiento-cumplimiento\/","title":{"rendered":"Asesoramiento en materia de cumplimiento"},"content":{"rendered":"<div class=\"wpb-content-wrapper\">[vc_section full_width=\u00bbstretch_row\u00bb][vc_row][vc_column][dhsv_vc_animation_header]\n<h2 class=\"h1\">Asesoramiento en materia de cumplimiento<\/h2>\n<h2><span style=\"color: #8b8888;\">Integraci\u00f3n de los recursos y conocimientos internos con los requisitos legales<\/span><\/h2>\n[\/dhsv_vc_animation_header][vc_empty_space height=\u00bb50px\u00bb mobile_height=\u00bb30px\u00bb tablet_height=\u00bb30px\u00bb][vc_column_text]\n<div class=\"invoice-quote\">\n<p>\u00bfEst\u00e1s planificando la implantaci\u00f3n de SAP y necesitas ayuda? Te ense\u00f1amos c\u00f3mo.<\/p>\n<\/div>\n[\/vc_column_text][vc_empty_space height=\u00bb50px\u00bb mobile_height=\u00bb30px\u00bb tablet_height=\u00bb30px\u00bb][vc_column_text]\n<h3><span style=\"color: #f07d00;\">\u00bfSab\u00edas que:<\/span><\/h3>\n[\/vc_column_text][vc_empty_space height=\u00bb50px\u00bb mobile_height=\u00bb30px\u00bb tablet_height=\u00bb30px\u00bb][\/vc_column][\/vc_row][vc_row equal_height=\u00bbyes\u00bb][vc_column bottom_margin=\u00bbtrue\u00bb offset=\u00bbvc_col-md-4&#8243;][dhsv_vc_invoice_teaser black_bg=\u00bbyes\u00bb]\n<h2>9 de cada 10 organizaciones se ven obligadas a reaccionar con rapidez a los cambios legales debido a la falta de transparencia e informaci\u00f3n<\/h2>\n<h2><span style=\"color: #f07d00;\">&#8230; 3 de ellas no llegar\u00e1n a tiempo<\/span><\/h2>\n[\/dhsv_vc_invoice_teaser][\/vc_column][vc_column bottom_margin=\u00bbtrue\u00bb offset=\u00bbvc_col-md-4&#8243;][dhsv_vc_invoice_teaser black_bg=\u00bbyes\u00bb]\n<h2>Los recursos y conocimientos internos est\u00e1n sujetos a los cambios y proyectos de la organizaci\u00f3n<\/h2>\n<h2><\/h2>\n<h2><span style=\"color: #f07d00;\">&#8230; y los requisitos legales y los plazos no tienen en cuenta los calendarios internos ni de los ciclos de cambios y versione<\/span><\/h2>\n[\/dhsv_vc_invoice_teaser][\/vc_column][vc_column bottom_margin=\u00bbtrue\u00bb offset=\u00bbvc_col-md-4&#8243;][dhsv_vc_invoice_teaser black_bg=\u00bbyes\u00bb]\n<h2>La mayor\u00eda de las empresas se ven sometidas a grandes esfuerzos o incumplimientos de la legislaci\u00f3n vigente debido a la falta de conocimiento de las diferencias entre los requisitos locales y los legales<\/h2>\n<h2><\/h2>\n<h2><span style=\"color: #f07d00;\">&#8230; terminando con soluciones altamente personalizadas que apenas son legales pero que ofrecen grandes comodidades para la organizaci\u00f3n local.<\/span><\/h2>\n[\/dhsv_vc_invoice_teaser][\/vc_column][\/vc_row][vc_row][vc_column][vc_empty_space height=\u00bb100&#8243; mobile_height=\u00bb50&#8243; tablet_height=\u00bb75&#8243;][\/vc_column][\/vc_row][\/vc_section][vc_section full_width=\u00bbstretch_row\u00bb background=\u00bblightgray\u00bb][vc_row][vc_column][vc_empty_space height=\u00bb75&#8243; mobile_height=\u00bb25&#8243; tablet_height=\u00bb40&#8243;][\/vc_column][\/vc_row][vc_row equal_height=\u00bbyes\u00bb][vc_column bottom_margin=\u00bbtrue\u00bb offset=\u00bbvc_col-md-6&#8243;][dhsv_vc_invoice_teaser show_decor=\u00bbyes\u00bb]\n<h2><span style=\"color: #f07d00;\">Por ello, cbs ofrece servicios de asesoramiento jur\u00eddico proactivo para:<\/span><\/h2>\n<ul>\n<li>informar inmediatamente sobre los pr\u00f3ximos cambios y requisitos legales<\/li>\n<li>extraer la esencia de los requisitos legales para adaptarlos al lenguaje de las organizaciones y adoptar los procesos correspondientes<\/li>\n<li>coordinar y armonizar los cambios jur\u00eddicos con los proyectos y cambios de implantaci\u00f3n<\/li>\n<\/ul>\n[\/dhsv_vc_invoice_teaser][\/vc_column][vc_column bottom_margin=\u00bbtrue\u00bb offset=\u00bbvc_col-md-6&#8243;][dhsv_vc_invoice_teaser link=\u00bburl:https%3A%2F%2Fe-world.cloud%2Fes%2Fe-invoice-world-cloud%2F|title:Descubre%20la%20soluci%C3%B3n%20TODO-EN-UNO%20de%20cbs\u00bb]\n<h2><span style=\"color: #f07d00;\">Consulta tambi\u00e9n\u2026<\/span><\/h2>\n<p>nuestra completa oferta E-invoice World Cloud si quieres comprender c\u00f3mo librarte del impacto y de esfuerzos organizativos a\u00fan mayores sin dejar de cumplir con la normativa global.[\/dhsv_vc_invoice_teaser][\/vc_column][\/vc_row][vc_row][vc_column][vc_empty_space height=\u00bb150px\u00bb mobile_height=\u00bb25&#8243; tablet_height=\u00bb40&#8243;][\/vc_column][\/vc_row][\/vc_section][vc_section hide_border=\u00bbtrue\u00bb][vc_row][vc_column][vc_empty_space height=\u00bb100&#8243; mobile_height=\u00bb50&#8243; tablet_height=\u00bb75&#8243;][\/vc_column][\/vc_row][\/vc_section][vc_section hide_border=\u00bbtrue\u00bb][vc_row][vc_column][dhsv_vc_template_element template_id=\u00bb4399&#8243;][\/vc_column][\/vc_row][\/vc_section]\n<\/div>","protected":false},"excerpt":{"rendered":"<p>[vc_section full_width=\u00bbstretch_row\u00bb][vc_row][vc_column][dhsv_vc_animation_header] Asesoramiento en materia de cumplimiento Integraci\u00f3n de los recursos y conocimientos internos con los requisitos legales [\/dhsv_vc_animation_header][vc_empty_space height=\u00bb50px\u00bb mobile_height=\u00bb30px\u00bb tablet_height=\u00bb30px\u00bb][vc_column_text] \u00bfEst\u00e1s planificando la implantaci\u00f3n de SAP y necesitas ayuda? Te ense\u00f1amos c\u00f3mo. [\/vc_column_text][vc_empty_space height=\u00bb50px\u00bb mobile_height=\u00bb30px\u00bb tablet_height=\u00bb30px\u00bb][vc_column_text] \u00bfSab\u00edas que: [\/vc_column_text][vc_empty_space height=\u00bb50px\u00bb mobile_height=\u00bb30px\u00bb tablet_height=\u00bb30px\u00bb][\/vc_column][\/vc_row][vc_row equal_height=\u00bbyes\u00bb][vc_column bottom_margin=\u00bbtrue\u00bb offset=\u00bbvc_col-md-4&#8243;][dhsv_vc_invoice_teaser black_bg=\u00bbyes\u00bb] 9 de cada 10 organizaciones se ven &hellip; <a href=\"https:\/\/e-world.cloud\/es\/asesoramiento-cumplimiento\/\">Continued<\/a><\/p>\n","protected":false},"author":26,"featured_media":0,"parent":0,"menu_order":2,"comment_status":"closed","ping_status":"closed","template":"","meta":{"_acf_changed":false,"footnotes":""},"class_list":["post-18693","page","type-page","status-publish","hentry"],"acf":[],"_links":{"self":[{"href":"https:\/\/e-world.cloud\/es\/wp-json\/wp\/v2\/pages\/18693","targetHints":{"allow":["GET"]}}],"collection":[{"href":"https:\/\/e-world.cloud\/es\/wp-json\/wp\/v2\/pages"}],"about":[{"href":"https:\/\/e-world.cloud\/es\/wp-json\/wp\/v2\/types\/page"}],"author":[{"embeddable":true,"href":"https:\/\/e-world.cloud\/es\/wp-json\/wp\/v2\/users\/26"}],"replies":[{"embeddable":true,"href":"https:\/\/e-world.cloud\/es\/wp-json\/wp\/v2\/comments?post=18693"}],"version-history":[{"count":4,"href":"https:\/\/e-world.cloud\/es\/wp-json\/wp\/v2\/pages\/18693\/revisions"}],"predecessor-version":[{"id":18694,"href":"https:\/\/e-world.cloud\/es\/wp-json\/wp\/v2\/pages\/18693\/revisions\/18694"}],"wp:attachment":[{"href":"https:\/\/e-world.cloud\/es\/wp-json\/wp\/v2\/media?parent=18693"}],"curies":[{"name":"wp","href":"https:\/\/api.w.org\/{rel}","templated":true}]}}