{"id":18677,"date":"2017-05-29T10:50:05","date_gmt":"2017-05-29T08:50:05","guid":{"rendered":"https:\/\/e-world.cloud\/startseite\/"},"modified":"2026-03-26T08:24:25","modified_gmt":"2026-03-26T07:24:25","slug":"startseite","status":"publish","type":"page","link":"https:\/\/e-world.cloud\/es\/","title":{"rendered":"P\u00e1gina de inicio"},"content":{"rendered":"<div class=\"wpb-content-wrapper\">[vc_section full_width=\u00bbstretch_row_content\u00bb][vc_row][vc_column][dhsv_vc_hero_slider anchors=\u00bb%5B%7B%22title%22%3A%22Intro%22%2C%22section_id%22%3A%22intro%22%7D%2C%7B%22title%22%3A%22Contact%22%2C%22section_id%22%3A%22kontakt%22%7D%5D\u00bb][dhsv_vc_hero_slider_item image=\u00bb14405&#8243; title=\u00bbAsesoramiento en materia de cumplimiento\u00bb link=\u00bburl:https%3A%2F%2Fe-world.cloud%2Fes%2Fcumplimiento-sap%2F|title:m%C3%A1s%20informaci%C3%B3n%20sobre%20el%20asesoramiento%20en%20materia%20de%20cumplimiento\u00bb]\n<h2>Integraci\u00f3n de los recursos y conocimientos internos con los requisitos legales<\/h2>\n[\/dhsv_vc_hero_slider_item][dhsv_vc_hero_slider_item slide_type=\u00bbvideo\u00bb video=\u00bb14470&#8243; title=\u00bbPa\u00edses cubiertos\u00bb link=\u00bburl:https%3A%2F%2Fe-world.cloud%2Fes%2Fpaises%2F|title:Descubra%20todos%20los%20pa%C3%ADses%20cubiertos\u00bb]\n<h2>cbs E-Invoice World Cloud cubre los requisitos legales de los principales pa\u00edses comerciantes<\/h2>\n[\/dhsv_vc_hero_slider_item][dhsv_vc_hero_slider_item slide_type=\u00bbvideo\u00bb video=\u00bb14503&#8243; title=\u00bbExperiencia y conocimientos probados\u00bb link=\u00bburl:https%3A%2F%2Fe-world.cloud%2Fes%2Fe-invoice-world-cloud%23facts|title:M%C3%A1s%20informaci%C3%B3n%20sobre%20E-Invoice%20World%20Cloud\u00bb]\n<h2 class=\"h1 font--landingpage\">M\u00e1s de 10 millones de mensajes &#8211; El portal de facturas electr\u00f3nicas que m\u00e1s r\u00e1pido crece en todo el mundo<\/h2>\n[\/dhsv_vc_hero_slider_item][\/dhsv_vc_hero_slider][\/vc_column][\/vc_row][\/vc_section][vc_section full_width=\u00bbstretch_row\u00bb el_id=\u00bbintro\u00bb][vc_row][vc_column][vc_empty_space height=\u00bb100&#8243; mobile_height=\u00bb25&#8243; tablet_height=\u00bb40&#8243;][dhsv_vc_intro link=\u00bburl:https%3A%2F%2Fe-world.cloud%2Fes%2Fe-invoice-world-cloud%2F|title:%C2%BFC%C3%B3mo%20podemos%20ayudarle%3F\u00bb link_after_image=\u00bbtrue\u00bb image=\u00bb13957&#8243; dotted_image=\u00bb\u00bb foldable_content=\u00bbLorem Ipsum is simply dummy text of the printing and typesetting industry. Lorem Ipsum has been the industry&#8217;s standard dummy text ever since the 1500s, when an unknown printer took a galley of type and scrambled it to make a type specimen book.\u00bb]\n<h2 class=\"h1\"><span style=\"color: #f07d00;\">El E-lnvoicing de cbs<\/span>\u00a0facilita el cumplimiento y la actualizaci\u00f3n de las normativas internacionales con el m\u00ednimo esfuerzo organizativo para que pueda centrarse en su actividad principal.<\/h2>\n[\/dhsv_vc_intro][\/vc_column][\/vc_row][\/vc_section][vc_section full_width=\u00bbstretch_row\u00bb background=\u00bbblack\u00bb][vc_row][vc_column][vc_empty_space height=\u00bb75&#8243; mobile_height=\u00bb25&#8243; tablet_height=\u00bb40&#8243;][\/vc_column][\/vc_row][vc_row equal_height=\u00bbyes\u00bb][vc_column bottom_margin=\u00bbtrue\u00bb offset=\u00bbvc_col-md-6&#8243;][dhsv_vc_invoice_teaser show_decor=\u00bbyes\u00bb]\n<h2><span style=\"color: #f07d00;\">E-invoicing<\/span> \u2014 una paradoja digital<\/h2>\n<p>El t\u00e9rmino E-Invoicing es algo enga\u00f1oso ya que, como tal, la facturaci\u00f3n electr\u00f3nica ha dejado de existir para dar paso al E-Compliance. En la actualidad, el E-Invoicing va mucho m\u00e1s all\u00e1 de las facturas electr\u00f3nicas. Comprende numerosas interacciones entre clientes y proveedores, y cada vez m\u00e1s la intervenci\u00f3n de las agencias tributarias para obtener transparencia sobre las transacciones comerciales. Esto abarca desde las entregas hasta las facturas, desde los informes hasta los flujos de pago y se requieren en tiempo real o en funci\u00f3n de un calendario fijo.[\/dhsv_vc_invoice_teaser][\/vc_column][vc_column bottom_margin=\u00bbtrue\u00bb offset=\u00bbvc_col-md-6&#8243;][dhsv_vc_invoice_teaser link=\u00bburl:https%3A%2F%2Fe-world.cloud%2Fes%2Fe-invoice-world-cloud%2F|title:Conozca%20la%20soluci%C3%B3n%20todo%20en%20uno%20de%20cbs\u00bb]\n<h2>Evoluci\u00f3n hacia el <span style=\"color: #f07d00;\">e-Compliance<\/span><\/h2>\n<p>El e-Invoicing no es s\u00f3lo un intercambio electr\u00f3nico de datos (EDI), sino que tiene un fuerte impacto y dependencia de los procesos de negocio y de los datos maestros. La facturaci\u00f3n electr\u00f3nica se est\u00e1 convirtiendo gradualmente en E-Compliance, permitiendo a las administraciones locales una integraci\u00f3n y conocimiento mayor en las transacciones comerciales.[\/dhsv_vc_invoice_teaser][\/vc_column][\/vc_row][vc_row][vc_column][vc_empty_space height=\u00bb150px\u00bb mobile_height=\u00bb25&#8243; tablet_height=\u00bb40&#8243;][\/vc_column][\/vc_row][\/vc_section][vc_section][vc_row][vc_column][vc_empty_space height=\u00bb150&#8243; mobile_height=\u00bb25&#8243; tablet_height=\u00bb40&#8243;][\/vc_column][\/vc_row][vc_row equal_height=\u00bbyes\u00bb][vc_column width=\u00bb1\/2&#8243;][vc_column_text]\n<h2 class=\"h1\"><span style=\"color: #f07d00;\">Afrontar los retos<\/span><\/h2>\n<p>Estar al d\u00eda con el progreso global es todo un reto. La complejidad y al amplio alcance de los requisitos legales hacen que la mayor\u00eda de las organizaciones busquen un enfoque estrat\u00e9gico para reducir significativamente las dificultades.[\/vc_column_text][\/vc_column][vc_column width=\u00bb1\/2&#8243;][\/vc_column][\/vc_row][vc_row][vc_column][vc_empty_space height=\u00bb100&#8243; mobile_height=\u00bb25&#8243; tablet_height=\u00bb40&#8243;][\/vc_column][\/vc_row][\/vc_section][vc_section full_width=\u00bbstretch_row_content\u00bb hide_border=\u00bbtrue\u00bb][vc_row full_width=\u00bbstretch_row_content_no_spaces\u00bb][vc_column][dhsv_vc_parallax_content_element image=\u00bb14365&#8243; columns=\u00bb%5B%7B%22icon%22%3A%2213803%22%2C%22title%22%3A%22Frecuencia%20de%20cambio%22%2C%22text%22%3A%22Cambios%20frecuentes%20y%20gran%20diversidad%20en%20el%20alcance%20y%20el%20esfuerzo%20de%20los%20cambios%20por%20pa%C3%ADs.%22%7D%2C%7B%22icon%22%3A%2213835%22%2C%22title%22%3A%22Riesgo%22%2C%22text%22%3A%22Riesgo%20de%20auditor%C3%ADas%2C%20sanciones%20o%20congelaci%C3%B3n%20de%20procesos%20productivos%20(por%20ejemplo%2C%20entrega%2C%20facturaci%C3%B3n).%22%7D%2C%7B%22icon%22%3A%2213819%22%2C%22title%22%3A%22Complejidad%22%2C%22text%22%3A%22Entorno%20de%20sistemas%20e%20interfaces%20de%20gran%20complejidad%20para%20cumplir%20los%20requisitos%20legales.%22%7D%2C%7B%22icon%22%3A%2213883%22%2C%22title%22%3A%22Soporte%22%2C%22text%22%3A%22Necesidad%20de%20amplios%20conocimientos%20jur%C3%ADdicos%20y%20t%C3%A9cnicos%20para%20abordar%20los%20problemas.%22%7D%2C%7B%22icon%22%3A%2213823%22%2C%22title%22%3A%22Coste%22%2C%22text%22%3A%22Costes%20operativos%2C%20de%20licencia%20y%20externos%20elevados.%22%7D%2C%7B%22icon%22%3A%2213867%22%2C%22title%22%3A%22Recursos%22%2C%22text%22%3A%22Gran%20esfuerzo%20de%20infraestructura%20y%20recursos%20humanos.%22%7D%2C%7B%22icon%22%3A%2213839%22%2C%22title%22%3A%22Impacto%22%2C%22text%22%3A%22Los%20cambios%20legales%20repercuten%20en%20el%20panorama%20global%20de%20sistemas%20y%20procesos%20ERP.%22%7D%5D\u00bb][\/dhsv_vc_parallax_content_element][vc_empty_space height=\u00bb100&#8243; mobile_height=\u00bb30&#8243; tablet_height=\u00bb50&#8243;][\/vc_column][\/vc_row][\/vc_section][vc_section full_width=\u00bbstretch_row\u00bb][vc_row][vc_column][dhsv_vc_intro main_title=\u00bbEnfoque estrat\u00e9gico para un objetivo en constante movimiento\u00bb link=\u00bburl:https%3A%2F%2Fe-world.cloud%2Fes%2Fsobre-nosotros%2F%23contact|title:CONTACTE%20CON%20NUESTROS%20CONSULTORES\u00bb link_after_image=\u00bbtrue\u00bb image=\u00bb13972&#8243; image_top_mobile=\u00bbtrue\u00bb dotted_image=\u00bb\u00bb foldable_content=\u00bbLorem Ipsum is simply dummy text of the printing and typesetting industry. Lorem Ipsum has been the industry&#8217;s standard dummy text ever since the 1500s, when an unknown printer took a galley of type and scrambled it to make a type specimen book.\u00bb]En la facturaci\u00f3n electr\u00f3nica no existe una norma mundial. Cada pa\u00eds\/autoridad dise\u00f1a, publica y establece sus propias soluciones. No puede haber una soluci\u00f3n, ya que el objetivo est\u00e1 en constante movimiento y es impredecible. cbs ofrece una soluci\u00f3n integral para cubrir todos los aspectos de E-Invoice y E-Compliance.[\/dhsv_vc_intro][\/vc_column][\/vc_row][\/vc_section][vc_section full_width=\u00bbstretch_row\u00bb background=\u00bbblack\u00bb][vc_row][vc_column offset=\u00bbvc_col-lg-5&#8243;][vc_empty_space height=\u00bb100px\u00bb][vc_column_text]\n<h2>No importa d\u00f3nde est\u00e9s ni qui\u00e9n seas \u2014 <span class=\"text--orange\">debes ocuparte de los siguientes aspectos:<\/span><\/h2>\n[\/vc_column_text][\/vc_column][vc_column offset=\u00bbvc_col-lg-7&#8243;][vc_column_text]\n[\/vc_column_text][\/vc_column][\/vc_row][\/vc_section][vc_section full_width=\u00bbstretch_row_content\u00bb el_id=\u00bbareas\u00bb][vc_row full_width=\u00bbstretch_row_content_no_spaces\u00bb][vc_column][dhsv_vc_graphic title=\u00bbGesti\u00f3n del cambio\u00bb parts=\u00bb%5B%7B%22icon%22%3A%2213859%22%2C%22icon_hover%22%3A%2213863%22%2C%22title%22%3A%22Proyectos%22%7D%2C%7B%22icon%22%3A%2213851%22%2C%22icon_hover%22%3A%2213855%22%2C%22title%22%3A%22Plataforma%22%7D%2C%7B%22icon%22%3A%2213807%22%2C%22icon_hover%22%3A%2213811%22%2C%22title%22%3A%22Gesti%C3%B3n%20del%20cambio%22%7D%2C%7B%22icon%22%3A%2213827%22%2C%22icon_hover%22%3A%2213831%22%2C%22title%22%3A%22Soluciones%20nacionales%22%7D%5D\u00bb][dhsv_vc_graphic_item title=\u00bbProyectos\u00bb]\n<ul>\n<li style=\"text-align: left;\">Implementaci\u00f3n de requisitos legales desencadenados por publicaciones \/ plazos legales<\/li>\n<li style=\"text-align: left;\">Integraci\u00f3n de los requisitos legales en los proyectos de implantaci\u00f3n de SAP<\/li>\n<li style=\"text-align: left;\">Armonizaci\u00f3n de los desencadenantes y plazos externos e internos en una hoja de ruta \/ calendario<\/li>\n<li style=\"text-align: left;\">Resoluci\u00f3n de conflictos y objetivos (requisitos y cumplimiento locales frente a legales frente a globales)<\/li>\n<\/ul>\n[\/dhsv_vc_graphic_item][dhsv_vc_graphic_item title=\u00bbPlataforma\u00bb]\n<ul>\n<li>Proporcionar y utilizar\/soportar la infraestructura t\u00e9cnica, incluidas las interfaces.<\/li>\n<li>Proporcionar \/ integrar y operar \/ apoyar las aplicaciones (de terceras partes &#8230;) necesarias.<\/li>\n<li>Contratar, coordinar y controlar a los interlocutores.<\/li>\n<li>Elegir un modelo de operaci\u00f3n estrat\u00e9gico <a href=\"https:\/\/e-world.cloud\/es\/sap-document-compliance\/\">On-Premise<\/a> vs. EDI vs. <a href=\"https:\/\/e-world.cloud\/es\/?page_id=18634\">Full Managed Service<\/a><\/li>\n<\/ul>\n[\/dhsv_vc_graphic_item][dhsv_vc_graphic_item title=\u00bbGesti\u00f3n del cambio\u00bb]\n<ul>\n<li>Seguimiento de publicaciones y cambios legales, derivaci\u00f3n de impacto y plazos<\/li>\n<li>Identificar y gestionar las tareas para implantar o cambiar la soluci\u00f3n existente<\/li>\n<li>Pruebas unitarias y resoluci\u00f3n de problemas, incluida la documentaci\u00f3n<\/li>\n<li>Cutover \/ GoLive y soporte (Hyper Care)<\/li>\n<\/ul>\n[\/dhsv_vc_graphic_item][dhsv_vc_graphic_item title=\u00bbSoluciones nacionales\u00bb]\n<ul>\n<li>Crear o comprar contenidos nacionales.<\/li>\n<li>Integrar soluciones en SAP est\u00e1ndar \/ modificaciones.<\/li>\n<li>Aportar transparencia, coherencia y seguimiento\/informes.<\/li>\n<li>Evaluar, contratar y conectar interlocutores.<\/li>\n<\/ul>\n[\/dhsv_vc_graphic_item][\/dhsv_vc_graphic][vc_empty_space height=\u00bb100px\u00bb][\/vc_column][\/vc_row][\/vc_section][vc_section full_width=\u00bbstretch_row_content\u00bb][vc_row full_width=\u00bbstretch_row_content_no_spaces\u00bb][vc_column][vc_empty_space height=\u00bb100px\u00bb][dhsv_vc_parallax_content_element image=\u00bb14383&#8243; columns=\u00bb%5B%7B%7D%5D\u00bb]\n<h2 class=\"h1\">\u00bfQu\u00e9 camino elegir?<\/h2>\n<p>Ya has iniciado tu viaje siguiendo un camino. Antes de llegar a un callej\u00f3n sin salida, t\u00f3mate un tiempo para reflexionar sobre tu estrategia y ajustar la ruta elegida.<\/p>\n<p>&nbsp;<\/p>\n<h2 class=\"h1\">Toma tu decisi\u00f3n:<\/h2>\n<p>Las siguientes opciones te ayudar\u00e1n a clasificar tu situaci\u00f3n actual y a trazar el camino que se adapte a tus necesidades.[\/dhsv_vc_parallax_content_element][\/vc_column][\/vc_row][\/vc_section][vc_section full_width=\u00bbstretch_row_content\u00bb hide_border=\u00bbtrue\u00bb][vc_row full_width=\u00bbstretch_row_content_no_spaces\u00bb][vc_column][vc_empty_space height=\u00bb100&#8243; mobile_height=\u00bb25&#8243; tablet_height=\u00bb50&#8243;][dhsv_vc_configurator configurator_title=\u00bbClasifique su situaci\u00f3n\u00bb item_1=\u00bbMadurez de la normalizaci\u00f3n\u00bb item_2=\u00bbCantidad de pa\u00edses con requisitos legales\u00bb item_3=\u00bbRecursos internos\/conocimientos para la facturaci\u00f3n electr\u00f3nica\u00bb item_4=\u00bbCantidad de facturas\u00bb result_title=\u00bbSu resultado:\u00bb first_result=\u00bbPuede gestionar los requisitos legales con soluciones onPremise por su cuenta. Podemos ayudarle con orientaci\u00f3n e implantaci\u00f3n, as\u00ed como con asistencia (v\u00e9ase el enlace Cumplimiento de documentos \/ asesoramiento jur\u00eddico).\u00bb second_result=\u00bbSe enfrenta a algunos retos y deber\u00eda empezar a seleccionar una soluci\u00f3n estrat\u00e9gica para reducir los esfuerzos actuales y prepararse para los pr\u00f3ximos cambios y requisitos. cbs E-lnvoice World Cloud le ayudar\u00e1 a crear una arquitectura fiable.\u00bb third_result=\u00bbDebe actuar ahora para mitigar el riesgo de auditor\u00edas y multas. No podr\u00e1 cumplir todos los requisitos legales a tiempo. Cbs E-invoice world cloud le permitir\u00e1 reducir el esfuerzo y la presi\u00f3n organizativos y le permitir\u00e1 cumplir con la normativa global r\u00e1pidamente.\u00bb link=\u00bburl:https%3A%2F%2Fe-world.cloud%2Fes%2Fsobre-nosotros%2F%23contact|title:HABLE%20CON%20NUESTROS%20CONSULTORES\u00bb low_caption=\u00bbBAJO\u00bb medium_caption=\u00bbMEDIO\u00bb high_caption=\u00bbALTO\u00bb button_caption=\u00bbMOSTRAR RESULTADO\u00bb][\/vc_column][\/vc_row][\/vc_section][vc_section full_width=\u00bbstretch_row\u00bb background=\u00bblightgray\u00bb][vc_row][vc_column][vc_empty_space height=\u00bb150px\u00bb][vc_column_text css=\u00bb\u00bb]\n<h2><span style=\"color: #f07d00; text-wrap: balance;\">Una soluci\u00f3n end-to-end de un solo proveedor, ya sea como componente local o como servicio gestionado en la nube.<br \/>\n<\/span><\/h2>\n[\/vc_column_text][\/vc_column][\/vc_row][vc_row disable_element=\u00bbyes\u00bb][vc_column][vc_empty_space height=\u00bb25px\u00bb][dhsv_vc_invoice_teaser_slider teasers=\u00bb%5B%7B%22thumbnail%22%3A%2213871%22%2C%22show_image%22%3A%22yes%22%2C%22title%22%3A%22Asesoramiento%20en%20materia%20de%20cumplimiento%22%2C%22excerpt%22%3A%22%C2%BFEst%C3%A1%20planificando%20la%20implantaci%C3%B3n%20de%20SAP%3F%20Perm%C3%ADtanos%20mostrarle%20los%20requisitos%20y%20obst%C3%A1culos%20legales%2C%20as%C3%AD%20como%20los%20aspectos%20globales%20de%20los%20que%20debe%20ocuparse.%22%2C%22link%22%3A%22url%3Ahttps%253A%252F%252Fe-invoice.world%252Fes%252Fcumplimiento-sap%252F%7Ctitle%3ALEER%2520M%25C3%2581S%22%7D%2C%7B%22thumbnail%22%3A%2213875%22%2C%22show_image%22%3A%22yes%22%2C%22title%22%3A%22Cumplimiento%20de%20documentos%20SAP%22%2C%22excerpt%22%3A%22%C2%BFDesea%20gestionar%20la%20facturaci%C3%B3n%20electr%C3%B3nica%20in%20situ%20o%20en%20S%2F4%20Cloud%3F%20Nuestros%20expertos%20est%C3%A1n%20aqu%C3%AD%20para%20asesorarle%20y%20guiarle%20en%20la%20implementaci%C3%B3n%20y%20el%20funcionamiento%20de%20SAP%20Document%20Compliance.%22%2C%22link%22%3A%22url%3Ahttps%253A%252F%252Fe-invoice.world%252Fes%252Fcumplimiento-sap%252F%7Ctitle%3ALEER%2520M%25C3%2581S%22%7D%2C%7B%22thumbnail%22%3A%2213949%22%2C%22show_image%22%3A%22yes%22%2C%22title%22%3A%22cbs%20E-Invoice%20World%20Cloud%22%2C%22excerpt%22%3A%22Si%20est%C3%A1%20buscando%20externalizar%20su%20facturaci%C3%B3n%20electr%C3%B3nica%2C%20tenemos%20un%20paquete%20todo%20en%20uno%20sin%20preocupaciones%20para%20usted.%20Nuestra%20probada%20soluci%C3%B3n%20en%20la%20nube%20permite%20la%20integraci%C3%B3n%20integral%20de%20los%20requisitos%20legales%20en%20los%20procesos%20digitales.%22%2C%22link%22%3A%22url%3Ahttps%253A%252F%252Fe-invoice.world%252Fes%252Fe-invoice-world-cloud%252F%7Ctitle%3ALEER%2520M%25C3%2581S%22%7D%5D\u00bb][vc_empty_space height=\u00bb100px\u00bb][\/vc_column][\/vc_row][vc_row][vc_column][vc_empty_space height=\u00bb25px\u00bb][vc_row_inner el_class=\u00bbcardsWrapper\u00bb][vc_column_inner el_class=\u00bbsingleCard\u00bb width=\u00bb1\/3&#8243; css=\u00bb.vc_custom_1723801962637{padding-top: 0px !important;padding-right: 2rem !important;padding-bottom: 2rem !important;padding-left: 2rem !important;background-color: #201918 !important;}\u00bb][vc_single_image image=\u00bb13873&#8243; img_size=\u00bbfull\u00bb alignment=\u00bbcenter\u00bb css=\u00bb.vc_custom_1723796904015{margin-right: -2rem !important;margin-left: -2rem !important;padding-top: 2rem !important;padding-bottom: 2rem !important;background-color: #ffffff !important;}\u00bb el_class=\u00bbiconImage\u00bb][vc_column_text css=\u00bb.vc_custom_1723802190180{padding-top: 1rem !important;padding-bottom: .3rem !important;background-color: #201918 !important;}\u00bb]<span style=\"color: #ffffff;\"><strong>Asesoramiento en materia de cumplimiento<\/strong><\/span><\/p>\n<p><span style=\"color: #ffffff;\">\u00bfEst\u00e1 planificando la implantaci\u00f3n de SAP? Perm\u00edtanos mostrarle los requisitos y obst\u00e1culos legales, as\u00ed como los aspectos globales de los que debe ocuparse.<\/span>[\/vc_column_text][dhsv_vc_button title=\u00bbLEER M\u00c1S\u00bb link=\u00bburl:https%3A%2F%2Fe-world.cloud%2Fes%2Fasesoramiento-cumplimiento%2F|title:Asesoramiento%20en%20materia%20de%20cumplimiento\u00bb type=\u00bbprimary\u00bb alignment=\u00bbleft\u00bb][\/vc_column_inner][vc_column_inner el_class=\u00bbsingleCard\u00bb width=\u00bb1\/3&#8243; css=\u00bb.vc_custom_1723800414675{padding-top: 0px !important;padding-right: 2rem !important;padding-bottom: 2rem !important;padding-left: 2rem !important;background-color: #201918 !important;}\u00bb][vc_single_image image=\u00bb13877&#8243; img_size=\u00bbfull\u00bb alignment=\u00bbcenter\u00bb css=\u00bb.vc_custom_1723796910197{margin-right: -2rem !important;margin-left: -2rem !important;padding-top: 2rem !important;padding-bottom: 2rem !important;background-color: #ffffff !important;}\u00bb el_class=\u00bbiconImage\u00bb][vc_column_text css=\u00bb.vc_custom_1723802328298{padding-top: 1rem !important;padding-bottom: .3rem !important;background-color: #201918 !important;}\u00bb]<span style=\"color: #ffffff;\"><strong>Cumplimiento de documentos SAP<\/strong><\/span><\/p>\n<p><span style=\"color: #ffffff;\">\u00bfDesea gestionar la facturaci\u00f3n electr\u00f3nica in situ o en S\/4 Cloud? Nuestros expertos est\u00e1n aqu\u00ed para asesorarle y guiarle en la implementaci\u00f3n y el funcionamiento de SAP Document Compliance.<\/span>[\/vc_column_text][dhsv_vc_button title=\u00bbLEER M\u00c1S\u00bb link=\u00bburl:https%3A%2F%2Fe-world.cloud%2Fes%2Fcumplimiento-sap%2F|title:Cumplimiento%20de%20documentos%20SAP\u00bb type=\u00bbprimary\u00bb alignment=\u00bbleft\u00bb][\/vc_column_inner][vc_column_inner el_class=\u00bbsingleCard\u00bb width=\u00bb1\/3&#8243; css=\u00bb.vc_custom_1723800421809{padding-top: 0px !important;padding-right: 2rem !important;padding-bottom: 2rem !important;padding-left: 2rem !important;background-color: #201918 !important;}\u00bb][vc_single_image image=\u00bb18903&#8243; img_size=\u00bbfull\u00bb alignment=\u00bbcenter\u00bb css=\u00bb.vc_custom_1723796915722{margin-right: -2rem !important;margin-left: -2rem !important;padding-top: 2rem !important;padding-bottom: 2rem !important;background-color: #ffffff !important;}\u00bb el_class=\u00bbiconImage\u00bb][vc_column_text css=\u00bb.vc_custom_1723802307024{padding-top: 1rem !important;padding-bottom: .3rem !important;background-color: #201918 !important;}\u00bb]<span style=\"color: #ffffff;\"><strong>cbs E-Invoice World Cloud<\/strong><\/span><\/p>\n<p><span style=\"color: #ffffff;\">Si est\u00e1 buscando externalizar su facturaci\u00f3n electr\u00f3nica, tenemos un paquete todo en uno sin preocupaciones para usted. Nuestra probada soluci\u00f3n en la nube permite la integraci\u00f3n integral de los requisitos legales en los procesos digitales.<\/span>[\/vc_column_text][dhsv_vc_button title=\u00bbLEER M\u00c1S\u00bb link=\u00bburl:https%3A%2F%2Fe-world.cloud%2Fes%2Fe-invoice-world-cloud%2F|title:e-world.cloud\u00bb type=\u00bbprimary\u00bb alignment=\u00bbleft\u00bb][\/vc_column_inner][\/vc_row_inner][vc_empty_space height=\u00bb100px\u00bb][vc_raw_html css=\u00bb\u00bb]JTNDc3R5bGUlM0UlMEElMEEuaWNvbkltYWdlJTIwaW1nJTdCJTBBJTIwJTIwbWF4LWhlaWdodCUzQTEzMHB4JTNCJTBBb2JqZWN0LWZpdCUzQWNvbnRhaW4lM0IlMEElN0QlMEElMEEuY2FyZHNXcmFwcGVyJTdCJTBBJTIwZGlzcGxheSUzQWdyaWQlM0IlMEFwYWRkaW5nJTNBMCUzQiUwQW1hcmdpbiUzQTAlM0IlMEFncmlkLXRlbXBsYXRlLWNvbHVtbnMlM0FyZXBlYXQlMjhhdXRvLWZpdCUyQ21pbm1heCUyODI5MHB4JTJDMWZyJTI5JTI5JTNCJTBBZ2FwJTNBMXJlbSUzQiUwQSUwQSU3RCUwQSUwQS5zaW5nbGVDYXJkJTdCJTBBJTIwYmFja2dyb3VuZCUzQSUyMzIwMTkxOCUzQiUwQSUyMG1pbi13aWR0aCUzQTEwMCUyNSUzQiUwQXBhZGRpbmclM0EwJTNCJTBBbWFyZ2luJTNBMCUzQiUwQXBhZGRpbmctYm90dG9tJTNBNXJlbSUzQiUwQSU3RCUwQSUwQS5zaW5nbGVDYXJkJTIwLmRoc3ZfdmNfYnV0dG9uLmFsaWduLWxlZnQlMjAlN0IlMEElMDl0ZXh0LWFsaWduJTNBJTIwbGVmdCUzQiUwQSUwOXBvc2l0aW9uJTNBJTIwYWJzb2x1dGUlM0IlMEElMDlib3R0b20lM0ElMjAxcmVtJTNCJTBBJTdEJTBBJTBBJTQwbWVkaWElMjhtYXgtd2lkdGglM0ExMDI0cHglMjklN0IlMEEuY2FyZHNXcmFwcGVyJTdCJTBBJTIwcGFkZGluZyUzQTAlMjAxLjVyZW0lMEElN0QlMEElN0QlMEElMEElM0MlMkZzdHlsZSUzRQ==[\/vc_raw_html][\/vc_column][\/vc_row][\/vc_section][vc_section full_width=\u00bbstretch_row\u00bb hide_border=\u00bbtrue\u00bb el_id=\u00bbkontakt\u00bb][vc_row][vc_column][vc_empty_space height=\u00bb100px\u00bb][dhsv_vc_intro link=\u00bburl:https%3A%2F%2Fe-world.cloud%2Fes%2Fsobre-nosotros%2F%23contact|title:Contact%20our%20advisors\u00bb link_after_image=\u00bbtrue\u00bb image=\u00bb14368&#8243; image_top_mobile=\u00bbtrue\u00bb animation=\u00bbtrue\u00bb dotted_image=\u00bb\u00bb]\n<h2 class=\"h1\">\u00bfQuieres saber m\u00e1s sobre el E-Invoice World Cloud de cbs? <span style=\"color: #f07d00;\">Contacta con nosotros.<\/span><\/h2>\n<p>E-Invoicing de cbs te permite estar al d\u00eda y cumplir con la normativa global con el m\u00ednimo esfuerzo organizativo.[\/dhsv_vc_intro][vc_empty_space height=\u00bb75&#8243; tablet_height=\u00bb50&#8243;][\/vc_column][\/vc_row][\/vc_section]\n<\/div>","protected":false},"excerpt":{"rendered":"<p>[vc_section full_width=\u00bbstretch_row_content\u00bb][vc_row][vc_column][dhsv_vc_hero_slider anchors=\u00bb%5B%7B%22title%22%3A%22Intro%22%2C%22section_id%22%3A%22intro%22%7D%2C%7B%22title%22%3A%22Contact%22%2C%22section_id%22%3A%22kontakt%22%7D%5D\u00bb][dhsv_vc_hero_slider_item image=\u00bb14405&#8243; title=\u00bbAsesoramiento en materia de cumplimiento\u00bb link=\u00bburl:https%3A%2F%2Fe-world.cloud%2Fes%2Fcumplimiento-sap%2F|title:m%C3%A1s%20informaci%C3%B3n%20sobre%20el%20asesoramiento%20en%20materia%20de%20cumplimiento\u00bb] Integraci\u00f3n de los recursos y conocimientos internos con los requisitos legales [\/dhsv_vc_hero_slider_item][dhsv_vc_hero_slider_item slide_type=\u00bbvideo\u00bb video=\u00bb14470&#8243; title=\u00bbPa\u00edses cubiertos\u00bb link=\u00bburl:https%3A%2F%2Fe-world.cloud%2Fes%2Fpaises%2F|title:Descubra%20todos%20los%20pa%C3%ADses%20cubiertos\u00bb] cbs E-Invoice World Cloud cubre los requisitos legales de los principales pa\u00edses comerciantes [\/dhsv_vc_hero_slider_item][dhsv_vc_hero_slider_item slide_type=\u00bbvideo\u00bb video=\u00bb14503&#8243; title=\u00bbExperiencia y conocimientos probados\u00bb link=\u00bburl:https%3A%2F%2Fe-world.cloud%2Fes%2Fe-invoice-world-cloud%23facts|title:M%C3%A1s%20informaci%C3%B3n%20sobre%20E-Invoice%20World%20Cloud\u00bb] M\u00e1s de 10 millones de mensajes &#8211; &hellip; <a href=\"https:\/\/e-world.cloud\/es\/\">Continued<\/a><\/p>\n","protected":false},"author":29,"featured_media":19299,"parent":0,"menu_order":0,"comment_status":"closed","ping_status":"closed","template":"","meta":{"_acf_changed":false,"footnotes":""},"class_list":["post-18677","page","type-page","status-publish","has-post-thumbnail","hentry"],"acf":[],"_links":{"self":[{"href":"https:\/\/e-world.cloud\/es\/wp-json\/wp\/v2\/pages\/18677","targetHints":{"allow":["GET"]}}],"collection":[{"href":"https:\/\/e-world.cloud\/es\/wp-json\/wp\/v2\/pages"}],"about":[{"href":"https:\/\/e-world.cloud\/es\/wp-json\/wp\/v2\/types\/page"}],"author":[{"embeddable":true,"href":"https:\/\/e-world.cloud\/es\/wp-json\/wp\/v2\/users\/29"}],"replies":[{"embeddable":true,"href":"https:\/\/e-world.cloud\/es\/wp-json\/wp\/v2\/comments?post=18677"}],"version-history":[{"count":14,"href":"https:\/\/e-world.cloud\/es\/wp-json\/wp\/v2\/pages\/18677\/revisions"}],"predecessor-version":[{"id":18679,"href":"https:\/\/e-world.cloud\/es\/wp-json\/wp\/v2\/pages\/18677\/revisions\/18679"}],"wp:featuredmedia":[{"embeddable":true,"href":"https:\/\/e-world.cloud\/es\/wp-json\/wp\/v2\/media\/19299"}],"wp:attachment":[{"href":"https:\/\/e-world.cloud\/es\/wp-json\/wp\/v2\/media?parent=18677"}],"curies":[{"name":"wp","href":"https:\/\/api.w.org\/{rel}","templated":true}]}}