{"id":18634,"date":"2023-11-23T16:32:24","date_gmt":"2023-11-23T15:32:24","guid":{"rendered":"https:\/\/e-world.cloud\/?page_id=18634"},"modified":"2026-03-30T12:01:10","modified_gmt":"2026-03-30T10:01:10","slug":"e-invoice-world-cloud","status":"publish","type":"page","link":"https:\/\/e-world.cloud\/es\/e-invoice-world-cloud\/","title":{"rendered":"E-Invoice World Cloud"},"content":{"rendered":"<div class=\"wpb-content-wrapper\">[vc_section full_width=\u00bbstretch_row\u00bb][vc_row][vc_column][dhsv_vc_animation_header]\n<h2 class=\"h1\">cbs E-lnvoice World Cloud<\/h2>\n<h2><span style=\"color: #8b8888;\">Gesti\u00f3n de procesos end-to-end desde SAP ERP o S\/4 hasta las autoridades gubernamentales<\/span><\/h2>\n[\/dhsv_vc_animation_header][vc_empty_space height=\u00bb50px\u00bb mobile_height=\u00bb30px\u00bb tablet_height=\u00bb30px\u00bb][vc_column_text]\n<div class=\"invoice-quote\">\n<p>Si lo que buscas es externalizar tu facturaci\u00f3n electr\u00f3nica, tenemos un paquete todo en uno sin preocupaciones para ti. Conf\u00eda en nuestra experiencia.ONE Soluci\u00f3n.<\/p>\n<\/div>\n[\/vc_column_text][vc_empty_space height=\u00bb50px\u00bb mobile_height=\u00bb30px\u00bb tablet_height=\u00bb30px\u00bb][vc_column_text]\n<h2><span style=\"color: #1f1918;\">ONE Solution<\/span><\/h2>\n<p>E-lnvoice world cloud es nuestra soluci\u00f3n integral para cubrir las <a class=\"js-modal-link modal-link\" href=\"https:\/\/e-world.cloud\/es\/#areas\">4 \u00e1reas clave<\/a> de los requisitos de cumplimiento electr\u00f3nico para empresas globales. UNA \u00fanica soluci\u00f3n con UNA interfaz y plena integraci\u00f3n con SAP para incluir sin fisuras los requisitos legales en su entorno de procesos.[\/vc_column_text][vc_empty_space height=\u00bb100&#8243; mobile_height=\u00bb40&#8243; tablet_height=\u00bb50&#8243;][\/vc_column][\/vc_row][\/vc_section][vc_section full_width=\u00bbstretch_row_content\u00bb][vc_row full_width=\u00bbstretch_row_content_no_spaces\u00bb][vc_column][dhsv_vc_parallax_content_element image=\u00bb14390&#8243; remove_angle=\u00bbtrue\u00bb columns=\u00bb%5B%7B%22icon%22%3A%2213822%22%2C%22title%22%3A%22%3Ch4%20style%3D%5C%22text-align%3A%20left%3B%5C%22%3EReducci%C3%B3n%20de%20la%20complejidad%3C%2Fh4%3E%22%2C%22text%22%3A%22%3Cp%20style%3D%5C%22text-align%3A%20left%3B%5C%22%3EEl%20uso%20de%20la%20soluci%C3%B3n%20en%20la%20nube%20gestionada%20por%20cbs%20%20reduce%20en%20gran%20medida%20la%20complejidad%20de%20su%20sistema%20SAP%20y%20de%20las%20interfaces%20externas.%3C%2Fp%3E%22%7D%2C%7B%22icon%22%3A%2213868%22%2C%22title%22%3A%22%3Ch4%20style%3D%5C%22text-align%3A%20left%3B%5C%22%3EExternalizaci%C3%B3n%20de%20las%20tareas%20no%20planificadas%20y%20repetitivas%3C%2Fh4%3E%22%2C%22text%22%3A%22%3Cp%20style%3D%5C%22text-align%3A%20left%3B%5C%22%3EOlv%C3%ADdate%20de%20molestar%20a%20tus%20especialistas%20de%20TI%20con%20tareas%20locales%20espec%C3%ADficas%20de%20cada%20pa%C3%ADs.%20Alcanza%20un%20nuevo%20nivel%20de%20automatizaci%C3%B3n%20para%20tu%20empresa.%3C%2Fp%3E%22%7D%2C%7B%22icon%22%3A%2213826%22%2C%22title%22%3A%22%3Ch4%20style%3D%5C%22text-align%3A%20left%3B%5C%22%3ERapidez%20ROI%20%2F%20Menor%20TCO%3C%2Fh4%3E%22%2C%22text%22%3A%22%3Cp%20style%3D%5C%22text-align%3A%20left%3B%5C%22%3EEl%20contenido%20de%20cbs%20Cloud%20se%20distribuye%20entre%20todos%20los%20clientes%20globales%2C%20lo%20que%20reduce%20los%20costes%20totales%20por%20cliente.%3C%2Fp%3E%22%7D%2C%7B%22icon%22%3A%2213803%22%2C%22title%22%3A%22%3Ch4%20style%3D%5C%22text-align%3A%20left%3B%5C%22%3ESeguimiento%20autom%C3%A1tico%20de%20cambios%20legales%3C%2Fh4%3E%22%2C%22text%22%3A%22%3Cp%20style%3D%5C%22text-align%3A%20left%3B%5C%22%3ERel%C3%A1jate%20y%20deja%20que%20el%20Consejo%20de%20Cambios%20Legales%20de%20cbs%20haga%20el%20trabajo.%20cbs%20controla%2C%20eval%C3%BAa%20e%20implementa%20los%20cambios%20legales%20autom%C3%A1ticamente.%3C%2Fp%3E%22%7D%5D\u00bb]\n<h2 style=\"text-align: left;\">Preparado para el futuro<\/h2>\n<p style=\"text-align: left;\">cbs E-lnvoice world cloud es el siguiente paso en la evoluci\u00f3n de los procesos digitales y llena el vac\u00edo existente entre el EDI \u00abcl\u00e1sico\u00bb y las implicaciones de los procesos actuales.<\/p>\n[\/dhsv_vc_parallax_content_element][\/vc_column][\/vc_row][\/vc_section][vc_section hide_border=\u00bbtrue\u00bb][vc_row][vc_column][vc_empty_space height=\u00bb100&#8243; mobile_height=\u00bb50&#8243; tablet_height=\u00bb75&#8243;][\/vc_column][\/vc_row][\/vc_section][vc_section hide_border=\u00bbtrue\u00bb dotted_images=\u00bbdotted-top-left-bottom-right\u00bb el_id=\u00bbfacts\u00bb][vc_row][vc_column][vc_empty_space height=\u00bb100&#8243; mobile_height=\u00bb50&#8243; tablet_height=\u00bb75&#8243;][vc_column_text css=\u00bb\u00bb]\n<h2 class=\"h1\"><span style=\"color: #1f1918;\">M\u00e1s de 10 millones de mensajes procesados. &gt;500 clientes. 99,9 % de disponibilidad. M\u00e1s de 40 pa\u00edses cubiertos en Latinoam\u00e9rica, Europa y Asia. Centro de datos con certificaci\u00f3n ISO 27001. Alta satisfacci\u00f3n del cliente.<\/span><\/h2>\n[\/vc_column_text][vc_empty_space height=\u00bb30px\u00bb tablet_height=\u00bb20px\u00bb][vc_empty_space height=\u00bb50&#8243; mobile_height=\u00bb35&#8243; tablet_height=\u00bb50&#8243;][\/vc_column][\/vc_row][\/vc_section][vc_section hide_border=\u00bbtrue\u00bb][vc_row][vc_column][vc_empty_space height=\u00bb100&#8243; mobile_height=\u00bb50&#8243; tablet_height=\u00bb75&#8243;][\/vc_column][\/vc_row][\/vc_section][vc_section hide_border=\u00bbtrue\u00bb][vc_row][vc_column][vc_single_image image=\u00bb18780&#8243; img_size=\u00bblarge\u00bb alignment=\u00bbcenter\u00bb][\/vc_column][\/vc_row][\/vc_section][vc_section hide_border=\u00bbtrue\u00bb][vc_row][vc_column][vc_empty_space height=\u00bb150&#8243; mobile_height=\u00bb75&#8243; tablet_height=\u00bb100&#8243;][\/vc_column][\/vc_row][\/vc_section][vc_section hide_border=\u00bbtrue\u00bb][vc_row][vc_column][vc_column_text]\n<h2>Crea y Crece<\/h2>\n<p>La nueva ley 18\/2022, de 28 de septiembre, llamada Crea y Crece ha introducido cambios en la forma de facturar electr\u00f3nicamente entre empresarios y profesionales.<\/p>\n<p>\u00c9stas son las m\u00e1s destacadas.<\/p>\n<p><strong>Obligaciones:<\/strong> Todos los empresarios y profesionales estar\u00e1n obligados a expedir, remitir y recibir facturas electr\u00f3nicas en sus relaciones comerciales con otros empresarios y profesionales.<\/p>\n<p><strong>Informaci\u00f3n sobre los estados de la factura:<\/strong> Tendr\u00e1n la obligaci\u00f3n de proporcionar informaci\u00f3n sobre los estados de la factura, tanto si son destinatarios como si son los emisores de la factura.<\/p>\n<p><strong>Interconexi\u00f3n e interoperabilidad gratuitas:<\/strong> Las soluciones tecnol\u00f3gicas y plataformas empleadas deben garantizar la interconexi\u00f3n e interoperabilidad gratuitas.<\/p>\n<p><strong>Acceso a facturas emitidas con anterioridad:<\/strong> Durante un plazo de cuatro a\u00f1os desde la emisi\u00f3n de las facturas electr\u00f3nicas, los destinatarios podr\u00e1n solicitar una copia sin incurrir en costes adicionales.<\/p>\n<p>Adem\u00e1s, esta ley no afecta las transacciones con consumidores finales (B2C), donde puede ser suficiente emitir un tique de caja.<\/p>\n<p>Las empresas contar\u00e1n con un periodo transitorio para adaptarse a la facturaci\u00f3n electr\u00f3nica. Aquellos profesionales y empresas con una facturaci\u00f3n anual superior a 8 millones de euros tendr\u00e1n un plazo de un a\u00f1o para adaptarse a la normativa tras la aprobaci\u00f3n del desarrollo reglamentario. El resto de las empresas tendr\u00e1n un plazo de dos a\u00f1os para adaptarse.[\/vc_column_text][\/vc_column][\/vc_row][\/vc_section][vc_row disable_element=\u00bbyes\u00bb el_id=\u00bbmap\u00bb][vc_column][dhsv_vc_template_element template_id=\u00bb14454&#8243;][\/vc_column][\/vc_row][vc_section hide_border=\u00bbtrue\u00bb][vc_row][vc_column][vc_empty_space height=\u00bb100&#8243; mobile_height=\u00bb50&#8243; tablet_height=\u00bb75&#8243;][\/vc_column][\/vc_row][\/vc_section][vc_section hide_border=\u00bbtrue\u00bb][vc_row][vc_column][dhsv_vc_template_element template_id=\u00bb4399&#8243;][\/vc_column][\/vc_row][\/vc_section]\n<\/div>","protected":false},"excerpt":{"rendered":"<p>[vc_section full_width=\u00bbstretch_row\u00bb][vc_row][vc_column][dhsv_vc_animation_header] cbs E-lnvoice World Cloud Gesti\u00f3n de procesos end-to-end desde SAP ERP o S\/4 hasta las autoridades gubernamentales [\/dhsv_vc_animation_header][vc_empty_space height=\u00bb50px\u00bb mobile_height=\u00bb30px\u00bb tablet_height=\u00bb30px\u00bb][vc_column_text] Si lo que buscas es externalizar tu facturaci\u00f3n electr\u00f3nica, tenemos un paquete todo en uno sin preocupaciones para ti. Conf\u00eda en nuestra experiencia.ONE Soluci\u00f3n. [\/vc_column_text][vc_empty_space height=\u00bb50px\u00bb mobile_height=\u00bb30px\u00bb tablet_height=\u00bb30px\u00bb][vc_column_text] ONE Solution E-lnvoice world &hellip; <a href=\"https:\/\/e-world.cloud\/es\/e-invoice-world-cloud\/\">Continued<\/a><\/p>\n","protected":false},"author":34,"featured_media":0,"parent":0,"menu_order":1,"comment_status":"closed","ping_status":"closed","template":"","meta":{"_acf_changed":false,"footnotes":""},"class_list":["post-18634","page","type-page","status-publish","hentry"],"acf":[],"_links":{"self":[{"href":"https:\/\/e-world.cloud\/es\/wp-json\/wp\/v2\/pages\/18634","targetHints":{"allow":["GET"]}}],"collection":[{"href":"https:\/\/e-world.cloud\/es\/wp-json\/wp\/v2\/pages"}],"about":[{"href":"https:\/\/e-world.cloud\/es\/wp-json\/wp\/v2\/types\/page"}],"author":[{"embeddable":true,"href":"https:\/\/e-world.cloud\/es\/wp-json\/wp\/v2\/users\/34"}],"replies":[{"embeddable":true,"href":"https:\/\/e-world.cloud\/es\/wp-json\/wp\/v2\/comments?post=18634"}],"version-history":[{"count":7,"href":"https:\/\/e-world.cloud\/es\/wp-json\/wp\/v2\/pages\/18634\/revisions"}],"predecessor-version":[{"id":19402,"href":"https:\/\/e-world.cloud\/es\/wp-json\/wp\/v2\/pages\/18634\/revisions\/19402"}],"wp:attachment":[{"href":"https:\/\/e-world.cloud\/es\/wp-json\/wp\/v2\/media?parent=18634"}],"curies":[{"name":"wp","href":"https:\/\/api.w.org\/{rel}","templated":true}]}}